{"id":4400,"date":"2022-09-30T09:58:11","date_gmt":"2022-09-30T09:58:11","guid":{"rendered":"https:\/\/visitnorthcroatia.com\/?page_id=4400"},"modified":"2023-07-24T11:18:28","modified_gmt":"2023-07-24T11:18:28","slug":"centar-za-posjetitelje-med-dvemi-vodami","status":"publish","type":"page","link":"http:\/\/visitnorthcroatia.com\/en\/centar-za-posjetitelje-med-dvemi-vodami\/","title":{"rendered":"Centar za posjetitelje Med dvemi vodami"},"content":{"rendered":"<div data-elementor-type=\"wp-page\" data-elementor-id=\"4400\" class=\"elementor elementor-4400\">\n\t\t\t\t\t\t<header class=\"elementor-section elementor-top-section elementor-element elementor-element-3d56bd9 elementor-section-content-middle elementor-section-stretched elementor-section-boxed elementor-section-height-default elementor-section-height-default\" data-id=\"3d56bd9\" data-element_type=\"section\" data-settings=\"{&quot;background_background&quot;:&quot;classic&quot;,&quot;stretch_section&quot;:&quot;section-stretched&quot;}\">\n\t\t\t\t\t\t<div class=\"elementor-container elementor-column-gap-no\">\n\t\t\t\t\t<div class=\"elementor-column elementor-col-25 elementor-top-column elementor-element elementor-element-3e425a1\" data-id=\"3e425a1\" data-element_type=\"column\">\n\t\t\t<div class=\"elementor-widget-wrap elementor-element-populated\">\n\t\t\t\t\t\t<div class=\"elementor-element elementor-element-5538a2a elementor-widget elementor-widget-image\" data-id=\"5538a2a\" data-element_type=\"widget\" data-widget_type=\"image.default\">\n\t\t\t\t<div class=\"elementor-widget-container\">\n\t\t\t\t\t\t\t\t\t\t\t\t\t<img fetchpriority=\"high\" decoding=\"async\" width=\"1024\" height=\"535\" src=\"https:\/\/visitnorthcroatia.com\/wp-content\/uploads\/2020\/12\/VCN-Logo-1-1-1024x535.png\" class=\"attachment-large size-large wp-image-3071\" alt=\"\" srcset=\"https:\/\/visitnorthcroatia.com\/wp-content\/uploads\/2020\/12\/VCN-Logo-1-1-1024x535.png 1024w, https:\/\/visitnorthcroatia.com\/wp-content\/uploads\/2020\/12\/VCN-Logo-1-1-600x314.png 600w, https:\/\/visitnorthcroatia.com\/wp-content\/uploads\/2020\/12\/VCN-Logo-1-1-300x157.png 300w, https:\/\/visitnorthcroatia.com\/wp-content\/uploads\/2020\/12\/VCN-Logo-1-1-768x402.png 768w, https:\/\/visitnorthcroatia.com\/wp-content\/uploads\/2020\/12\/VCN-Logo-1-1.png 1530w\" sizes=\"(max-width: 1024px) 100vw, 1024px\" \/>\t\t\t\t\t\t\t\t\t\t\t\t\t<\/div>\n\t\t\t\t<\/div>\n\t\t\t\t\t<\/div>\n\t\t<\/div>\n\t\t\t\t<div class=\"elementor-column elementor-col-25 elementor-top-column elementor-element elementor-element-040a88d\" data-id=\"040a88d\" data-element_type=\"column\">\n\t\t\t<div class=\"elementor-widget-wrap elementor-element-populated\">\n\t\t\t\t\t\t<div class=\"elementor-element elementor-element-4c02a83 elementor-widget elementor-widget-ekit-nav-menu\" data-id=\"4c02a83\" data-element_type=\"widget\" data-widget_type=\"ekit-nav-menu.default\">\n\t\t\t\t<div class=\"elementor-widget-container\">\n\t\t\t\t\t<nav class=\"ekit-wid-con ekit_menu_responsive_tablet\" \n\t\t\tdata-hamburger-icon=\"\" \n\t\t\tdata-hamburger-icon-type=\"icon\" \n\t\t\tdata-responsive-breakpoint=\"1024\">\n\t\t\t            <button class=\"elementskit-menu-hamburger elementskit-menu-toggler\"  type=\"button\" aria-label=\"hamburger-icon\">\n                                    <span class=\"elementskit-menu-hamburger-icon\"><\/span><span class=\"elementskit-menu-hamburger-icon\"><\/span><span class=\"elementskit-menu-hamburger-icon\"><\/span>\n                            <\/button>\n            <div id=\"ekit-megamenu-glavni\" class=\"elementskit-menu-container elementskit-menu-offcanvas-elements elementskit-navbar-nav-default ekit-nav-menu-one-page-no ekit-nav-dropdown-hover\"><ul id=\"menu-glavni\" class=\"elementskit-navbar-nav elementskit-menu-po-center submenu-click-on-icon\"><li id=\"menu-item-1829\" class=\"menu-item menu-item-type-post_type menu-item-object-page menu-item-home menu-item-1829 nav-item elementskit-mobile-builder-content\" data-vertical-menu=\"750px\"><a href=\"http:\/\/visitnorthcroatia.com\/en\/\" class=\"ekit-menu-nav-link\">Home<\/a><\/li>\n<li id=\"menu-item-4091\" class=\"menu-item menu-item-type-post_type menu-item-object-page menu-item-4091 nav-item elementskit-mobile-builder-content\" data-vertical-menu=\"750px\"><a href=\"http:\/\/visitnorthcroatia.com\/en\/razlozi-za-put-na-sjever\/\" class=\"ekit-menu-nav-link\">Reasons to Go North<\/a><\/li>\n<li id=\"menu-item-251\" class=\"menu-item menu-item-type-post_type menu-item-object-page menu-item-has-children menu-item-251 nav-item elementskit-dropdown-has relative_position elementskit-dropdown-menu-default_width elementskit-mobile-builder-content\" data-vertical-menu=\"750px\"><a href=\"http:\/\/visitnorthcroatia.com\/en\/blog\/\" class=\"ekit-menu-nav-link ekit-menu-dropdown-toggle\">Blog<i aria-hidden=\"true\" class=\"icon icon-down-arrow1 elementskit-submenu-indicator\"><\/i><\/a>\n<ul class=\"elementskit-dropdown elementskit-submenu-panel\">\n\t<li id=\"menu-item-4511\" class=\"menu-item menu-item-type-post_type menu-item-object-page menu-item-4511 nav-item elementskit-mobile-builder-content\" data-vertical-menu=\"750px\"><a href=\"http:\/\/visitnorthcroatia.com\/en\/blog\/\" class=\"dropdown-item\">Blog<\/a>\t<li id=\"menu-item-4510\" class=\"menu-item menu-item-type-post_type menu-item-object-page menu-item-4510 nav-item elementskit-mobile-builder-content\" data-vertical-menu=\"750px\"><a href=\"http:\/\/visitnorthcroatia.com\/en\/kvizovi\/\" class=\"dropdown-item\">Puzzle games<\/a><\/ul>\n<\/li>\n<li id=\"menu-item-250\" class=\"menu-item menu-item-type-post_type menu-item-object-page menu-item-has-children menu-item-250 nav-item elementskit-dropdown-has relative_position elementskit-dropdown-menu-default_width elementskit-mobile-builder-content\" data-vertical-menu=\"750px\"><a href=\"http:\/\/visitnorthcroatia.com\/en\/kontakt\/\" class=\"ekit-menu-nav-link ekit-menu-dropdown-toggle\">Info<i aria-hidden=\"true\" class=\"icon icon-down-arrow1 elementskit-submenu-indicator\"><\/i><\/a>\n<ul class=\"elementskit-dropdown elementskit-submenu-panel\">\n\t<li id=\"menu-item-884\" class=\"menu-item menu-item-type-post_type menu-item-object-page menu-item-884 nav-item elementskit-mobile-builder-content\" data-vertical-menu=\"750px\"><a href=\"http:\/\/visitnorthcroatia.com\/en\/o-nama\/\" class=\"dropdown-item\">About us<\/a>\t<li id=\"menu-item-312\" class=\"menu-item menu-item-type-post_type menu-item-object-page menu-item-312 nav-item elementskit-mobile-builder-content\" data-vertical-menu=\"750px\"><a href=\"http:\/\/visitnorthcroatia.com\/en\/ebooks\/\" class=\"dropdown-item\">eBooks<\/a><\/ul>\n<\/li>\n<li id=\"menu-item-314\" class=\"menu-item menu-item-type-post_type menu-item-object-page menu-item-314 nav-item elementskit-mobile-builder-content\" data-vertical-menu=\"750px\"><a href=\"http:\/\/visitnorthcroatia.com\/en\/kontakt1\/\" class=\"ekit-menu-nav-link\">Contact<\/a><\/li>\n<\/ul><div class=\"elementskit-nav-identity-panel\"><button class=\"elementskit-menu-close elementskit-menu-toggler\" type=\"button\">X<\/button><\/div><\/div>\t\t\t\n\t\t\t<div class=\"elementskit-menu-overlay elementskit-menu-offcanvas-elements elementskit-menu-toggler ekit-nav-menu--overlay\"><\/div>        <\/nav>\n\t\t\t\t<\/div>\n\t\t\t\t<\/div>\n\t\t\t\t\t<\/div>\n\t\t<\/div>\n\t\t\t\t<div class=\"elementor-column elementor-col-25 elementor-top-column elementor-element elementor-element-4e73820\" data-id=\"4e73820\" data-element_type=\"column\">\n\t\t\t<div class=\"elementor-widget-wrap elementor-element-populated\">\n\t\t\t\t\t\t<div class=\"elementor-element elementor-element-0840701 elementor-widget elementor-widget-shortcode\" data-id=\"0840701\" data-element_type=\"widget\" data-widget_type=\"shortcode.default\">\n\t\t\t\t<div class=\"elementor-widget-container\">\n\t\t\t\t\t<div class=\"elementor-shortcode\"><div class=\"trp_language_switcher_shortcode\">\n<div class=\"trp-language-switcher trp-language-switcher-container\" data-no-translation>\n    <div class=\"trp-ls-shortcode-current-language\">\n        <a href=\"#\" class=\"trp-ls-shortcode-disabled-language trp-ls-disabled-language\" title=\"English\" onclick=\"event.preventDefault()\">\n\t\t\t<img decoding=\"async\" class=\"trp-flag-image\" src=\"http:\/\/visitnorthcroatia.com\/wp-content\/plugins\/translatepress-multilingual\/assets\/images\/flags\/en_GB.png\" width=\"18\" height=\"12\" alt=\"en_GB\" title=\"English\"> \t\t<\/a>\n    <\/div>\n    <div class=\"trp-ls-shortcode-language\">\n                <a href=\"#\" class=\"trp-ls-shortcode-disabled-language trp-ls-disabled-language\"  title=\"English\" onclick=\"event.preventDefault()\">\n\t\t\t<img decoding=\"async\" class=\"trp-flag-image\" src=\"http:\/\/visitnorthcroatia.com\/wp-content\/plugins\/translatepress-multilingual\/assets\/images\/flags\/en_GB.png\" width=\"18\" height=\"12\" alt=\"en_GB\" title=\"English\"> \t\t<\/a>\n                    <a href=\"http:\/\/visitnorthcroatia.com\/en\/wp-json\/wp\/v2\/pages\/4400\" title=\"Croatian\">\n            <img decoding=\"async\" class=\"trp-flag-image\" src=\"http:\/\/visitnorthcroatia.com\/wp-content\/plugins\/translatepress-multilingual\/assets\/images\/flags\/hr.png\" width=\"18\" height=\"12\" alt=\"hr\" title=\"Croatian\">         <\/a>\n\n        <\/div>\n    <script type=\"application\/javascript\">\n        \/\/ need to have the same with set from JS on both divs. Otherwise it can push stuff around in HTML\n        var trp_ls_shortcodes = document.querySelectorAll('.trp_language_switcher_shortcode .trp-language-switcher');\n        if ( trp_ls_shortcodes.length > 0) {\n            \/\/ get the last language switcher added\n            var trp_el = trp_ls_shortcodes[trp_ls_shortcodes.length - 1];\n\n            var trp_shortcode_language_item = trp_el.querySelector( '.trp-ls-shortcode-language' )\n            \/\/ set width\n            var trp_ls_shortcode_width                                               = trp_shortcode_language_item.offsetWidth + 16;\n            trp_shortcode_language_item.style.width                                  = trp_ls_shortcode_width + 'px';\n            trp_el.querySelector( '.trp-ls-shortcode-current-language' ).style.width = trp_ls_shortcode_width + 'px';\n\n            \/\/ We're putting this on display: none after we have its width.\n            trp_shortcode_language_item.style.display = 'none';\n        }\n    <\/script>\n<\/div>\n<\/div><\/div>\n\t\t\t\t<\/div>\n\t\t\t\t<\/div>\n\t\t\t\t\t<\/div>\n\t\t<\/div>\n\t\t\t\t<div class=\"elementor-column elementor-col-25 elementor-top-column elementor-element elementor-element-5023422\" data-id=\"5023422\" data-element_type=\"column\">\n\t\t\t<div class=\"elementor-widget-wrap elementor-element-populated\">\n\t\t\t\t\t\t<div class=\"elementor-element elementor-element-df92390 elementor-shape-circle e-grid-align-right e-grid-align-tablet-right e-grid-align-mobile-center elementor-hidden-phone elementor-grid-0 elementor-widget elementor-widget-social-icons\" data-id=\"df92390\" data-element_type=\"widget\" data-widget_type=\"social-icons.default\">\n\t\t\t\t<div class=\"elementor-widget-container\">\n\t\t\t\t\t<div class=\"elementor-social-icons-wrapper elementor-grid\">\n\t\t\t\t\t\t\t<span class=\"elementor-grid-item\">\n\t\t\t\t\t<a class=\"elementor-icon elementor-social-icon elementor-social-icon-facebook elementor-repeater-item-33f673a\" href=\"https:\/\/www.facebook.com\/visit.north.croatia\" target=\"_blank\">\n\t\t\t\t\t\t<span class=\"elementor-screen-only\">Facebook<\/span>\n\t\t\t\t\t\t<i class=\"fab fa-facebook\"><\/i>\t\t\t\t\t<\/a>\n\t\t\t\t<\/span>\n\t\t\t\t\t\t\t<span class=\"elementor-grid-item\">\n\t\t\t\t\t<a class=\"elementor-icon elementor-social-icon elementor-social-icon-instagram elementor-repeater-item-c58d333\" href=\"https:\/\/www.instagram.com\/visit.north.croatia\/\" target=\"_blank\">\n\t\t\t\t\t\t<span class=\"elementor-screen-only\">Instagram<\/span>\n\t\t\t\t\t\t<i class=\"fab fa-instagram\"><\/i>\t\t\t\t\t<\/a>\n\t\t\t\t<\/span>\n\t\t\t\t\t\t\t<span class=\"elementor-grid-item\">\n\t\t\t\t\t<a class=\"elementor-icon elementor-social-icon elementor-social-icon-heart elementor-repeater-item-e798b18\" href=\"http:\/\/eepurl.com\/hdU_4L\" target=\"_blank\">\n\t\t\t\t\t\t<span class=\"elementor-screen-only\">Heart<\/span>\n\t\t\t\t\t\t<i class=\"far fa-heart\"><\/i>\t\t\t\t\t<\/a>\n\t\t\t\t<\/span>\n\t\t\t\t\t<\/div>\n\t\t\t\t<\/div>\n\t\t\t\t<\/div>\n\t\t\t\t\t<\/div>\n\t\t<\/div>\n\t\t\t\t\t<\/div>\n\t\t<\/header>\n\t\t\t\t<section class=\"elementor-section elementor-top-section elementor-element elementor-element-e0f429a elementor-section-boxed elementor-section-height-default elementor-section-height-default\" data-id=\"e0f429a\" data-element_type=\"section\">\n\t\t\t\t\t\t<div class=\"elementor-container elementor-column-gap-default\">\n\t\t\t\t\t<div class=\"elementor-column elementor-col-100 elementor-top-column elementor-element elementor-element-216fd6a\" data-id=\"216fd6a\" data-element_type=\"column\">\n\t\t\t<div class=\"elementor-widget-wrap elementor-element-populated\">\n\t\t\t\t\t\t<div class=\"elementor-element elementor-element-3a8921f elementor-widget elementor-widget-elementskit-heading\" data-id=\"3a8921f\" data-element_type=\"widget\" data-widget_type=\"elementskit-heading.default\">\n\t\t\t\t<div class=\"elementor-widget-container\">\n\t\t\t<div class=\"ekit-wid-con\" ><div class=\"ekit-heading elementskit-section-title-wraper text_center   ekit_heading_tablet-   ekit_heading_mobile-\"><h2 class=\"ekit-heading--title elementskit-section-title\">Centar za posjetitelje <span><span>Between the two waters - interpretation centre<\/span><\/span><\/h2><\/div><\/div>\t\t<\/div>\n\t\t\t\t<\/div>\n\t\t\t\t\t<\/div>\n\t\t<\/div>\n\t\t\t\t\t<\/div>\n\t\t<\/section>\n\t\t\t\t<section class=\"elementor-section elementor-top-section elementor-element elementor-element-fb4c4ab elementor-section-boxed elementor-section-height-default elementor-section-height-default\" data-id=\"fb4c4ab\" data-element_type=\"section\">\n\t\t\t\t\t\t<div class=\"elementor-container elementor-column-gap-default\">\n\t\t\t\t\t<div class=\"elementor-column elementor-col-50 elementor-top-column elementor-element elementor-element-f263278\" data-id=\"f263278\" data-element_type=\"column\">\n\t\t\t<div class=\"elementor-widget-wrap elementor-element-populated\">\n\t\t\t\t\t\t<div class=\"elementor-element elementor-element-54a526b elementor-widget elementor-widget-text-editor\" data-id=\"54a526b\" data-element_type=\"widget\" data-widget_type=\"text-editor.default\">\n\t\t\t\t<div class=\"elementor-widget-container\">\n\t\t\t\t\t\t\t<p>Tijekom 2023. <a href=\"https:\/\/visitnorthcroatia.com\/en\/razlozi-za-put-na-sjever\/\">uz vodi\u010d Razlozi za put na sjever<\/a> u Centru za posjetitelje Med dvemi vodami ostvarujete popust od 20% na individualne i obiteljske ulaznice.<\/p>\t\t\t\t\t\t<\/div>\n\t\t\t\t<\/div>\n\t\t\t\t<div class=\"elementor-element elementor-element-c24b16c elementor-align-center elementor-widget elementor-widget-button\" data-id=\"c24b16c\" data-element_type=\"widget\" data-widget_type=\"button.default\">\n\t\t\t\t<div class=\"elementor-widget-container\">\n\t\t\t\t\t\t\t<div class=\"elementor-button-wrapper\">\n\t\t\t\t\t<a class=\"elementor-button elementor-button-link elementor-size-sm\" href=\"https:\/\/visitnorthcroatia.com\/en\/razlozi-za-put-na-sjever\/\">\n\t\t\t\t\t\t<span class=\"elementor-button-content-wrapper\">\n\t\t\t\t\t\t\t\t\t<span class=\"elementor-button-text\">Saznajte vi\u0161e i naru\u010dite vodi\u010d<\/span>\n\t\t\t\t\t<\/span>\n\t\t\t\t\t<\/a>\n\t\t\t\t<\/div>\n\t\t\t\t\t\t<\/div>\n\t\t\t\t<\/div>\n\t\t\t\t<div class=\"elementor-element elementor-element-06085f2 elementor-widget elementor-widget-text-editor\" data-id=\"06085f2\" data-element_type=\"widget\" data-widget_type=\"text-editor.default\">\n\t\t\t\t<div class=\"elementor-widget-container\">\n\t\t\t\t\t\t\t<p><span style=\"font-weight: 400;\">Ako tra\u017eite inspiraciju za istra\u017eivanje ljepota me\u0111imurske prirode, a ne znate ni sami gdje krenuti, ne\u0107ete pogrije\u0161iti ako \u0107e va\u0161a startna to\u010dka biti centar za posjetitelje Med dvemi vodami, u mjestu Kri\u017eovac. Otvoren u prizemlju me\u0111imurske Ustanove za za\u0161titu prirode, ovaj centar uspio je u naumu da zanimljivo prirodno podru\u010dje izme\u0111u dvaju rijeka, Mure i Drave, predstavi svijetu na jednako zanimljiv na\u010din.\u00a0<\/span><\/p><p><span style=\"font-weight: 400;\">Na sve \u0161to vas mo\u017ee zanimati i \u0161to biste \u017eeljeli pitati oni imaju odgovor: \u0161to je mrtvica, tko su<\/span><i><span style=\"font-weight: 400;\"> lapora\u0161i<\/span><\/i><span style=\"font-weight: 400;\">, koja ptica tropskog izgleda leti Me\u0111imurjem, za\u0161to je Me\u0111imurje najbolje stani\u0161te za vretenca, \u0161to rade <\/span><i><span style=\"font-weight: 400;\">fljojsari<\/span><\/i><span style=\"font-weight: 400;\">?\u00a0<\/span><\/p><p><span style=\"font-weight: 400;\">Osim pri\u010dama o ljepoti prirode koje \u0107e vas inspirirati da odmah sami krenete u njeno istra\u017eivanje, tako\u0111er \u0107ete ostati odu\u0161evljeni na\u010dinom prezentacije. I ne\u0107ete biti sami u pohvalama &#8211; centar Med dvemi vodami osvojio je prvu nagradu za dizajn interijera (<\/span><i><span style=\"font-weight: 400;\">Zagreb design week 2020<\/span><\/i><span style=\"font-weight: 400;\">), a potom i presti\u017enu nagradu na natjecanju<\/span> <i><span style=\"font-weight: 400;\">Big SEE \u2013 where life is creativity<\/span><\/i><i><span style=\"font-weight: 400;\">, 2021.\u00a0<\/span><\/i><\/p><p><span style=\"font-weight: 400;\">U okoli\u0161u Centra nalazi se interpretacijska brvnara Moj hrast Adam, hotel za kukce, te veliko dje\u010dje igrali\u0161te naziva Rje\u010dica, osmi\u0161ljeno i izra\u0111eno da najmla\u0111im posjetiteljima centar Med dvemi vodami ostane u najboljem sje\u0107anju.<\/span><\/p><p><span>Posjetite\u00a0<\/span><a href=\"https:\/\/med-dvemi-vodami.info\/\" target=\"_blank\" rel=\"noopener\">INTERNETSKU STRANICU<\/a><span>\u00a0Centra za posjetitelje Med dvemi vodami i saznajte najnovije obavijesti o radnom vremenu i ulaznicama.<\/span><\/p>\t\t\t\t\t\t<\/div>\n\t\t\t\t<\/div>\n\t\t\t\t\t<\/div>\n\t\t<\/div>\n\t\t\t\t<div class=\"elementor-column elementor-col-50 elementor-top-column elementor-element elementor-element-85d4b28\" data-id=\"85d4b28\" data-element_type=\"column\">\n\t\t\t<div class=\"elementor-widget-wrap elementor-element-populated\">\n\t\t\t\t\t\t<div class=\"elementor-element elementor-element-8ac3dc1 elementor-arrows-position-inside elementor-pagination-position-outside elementor-widget elementor-widget-image-carousel\" data-id=\"8ac3dc1\" data-element_type=\"widget\" data-settings=\"{&quot;slides_to_show&quot;:&quot;1&quot;,&quot;navigation&quot;:&quot;both&quot;,&quot;autoplay&quot;:&quot;yes&quot;,&quot;pause_on_hover&quot;:&quot;yes&quot;,&quot;pause_on_interaction&quot;:&quot;yes&quot;,&quot;autoplay_speed&quot;:5000,&quot;infinite&quot;:&quot;yes&quot;,&quot;effect&quot;:&quot;slide&quot;,&quot;speed&quot;:500}\" data-widget_type=\"image-carousel.default\">\n\t\t\t\t<div class=\"elementor-widget-container\">\n\t\t\t\t\t<div class=\"elementor-image-carousel-wrapper swiper\" dir=\"ltr\">\n\t\t\t<div class=\"elementor-image-carousel swiper-wrapper\" aria-live=\"off\">\n\t\t\t\t\t\t\t\t<div class=\"swiper-slide\" role=\"group\" aria-roledescription=\"slide\" aria-label=\"1 of 1\"><figure class=\"swiper-slide-inner\"><img decoding=\"async\" class=\"swiper-slide-image\" src=\"https:\/\/visitnorthcroatia.com\/wp-content\/uploads\/2020\/12\/IMG_0926-768x512.jpg\" alt=\"Med dvemi vodami\" \/><\/figure><\/div>\t\t\t<\/div>\n\t\t\t\t\t<\/div>\n\t\t\t\t<\/div>\n\t\t\t\t<\/div>\n\t\t\t\t\t<\/div>\n\t\t<\/div>\n\t\t\t\t\t<\/div>\n\t\t<\/section>\n\t\t\t\t<section class=\"elementor-section elementor-top-section elementor-element elementor-element-deac771 elementor-section-full_width elementor-section-stretched elementor-section-height-default elementor-section-height-default\" data-id=\"deac771\" data-element_type=\"section\" data-settings=\"{&quot;background_background&quot;:&quot;classic&quot;,&quot;stretch_section&quot;:&quot;section-stretched&quot;}\">\n\t\t\t\t\t\t<div class=\"elementor-container elementor-column-gap-default\">\n\t\t\t\t\t<div class=\"elementor-column elementor-col-33 elementor-top-column elementor-element elementor-element-b7d4240\" data-id=\"b7d4240\" data-element_type=\"column\">\n\t\t\t<div class=\"elementor-widget-wrap elementor-element-populated\">\n\t\t\t\t\t\t<div class=\"elementor-element elementor-element-66bc761 elementor-widget elementor-widget-text-editor\" data-id=\"66bc761\" data-element_type=\"widget\" data-widget_type=\"text-editor.default\">\n\t\t\t\t<div class=\"elementor-widget-container\">\n\t\t\t\t\t\t\t<p>CONTACT<\/p><p>Visit North Croatia <br \/>by LITOPS, vl. Anica \u0160imunec<\/p><p>info@visitnorthcroatia.com<\/p>\t\t\t\t\t\t<\/div>\n\t\t\t\t<\/div>\n\t\t\t\t\t<\/div>\n\t\t<\/div>\n\t\t\t\t<div class=\"elementor-column elementor-col-33 elementor-top-column elementor-element elementor-element-75a4614\" data-id=\"75a4614\" data-element_type=\"column\">\n\t\t\t<div class=\"elementor-widget-wrap elementor-element-populated\">\n\t\t\t\t\t\t<div class=\"elementor-element elementor-element-bc13295 elementor-widget elementor-widget-text-editor\" data-id=\"bc13295\" data-element_type=\"widget\" data-widget_type=\"text-editor.default\">\n\t\t\t\t<div class=\"elementor-widget-container\">\n\t\t\t\t\t\t\t<p>Copyright \u00a9 2023 Visit North Croatia<\/p>\t\t\t\t\t\t<\/div>\n\t\t\t\t<\/div>\n\t\t\t\t<div class=\"elementor-element elementor-element-7e6a5d6 elementor-widget elementor-widget-text-editor\" data-id=\"7e6a5d6\" data-element_type=\"widget\" data-widget_type=\"text-editor.default\">\n\t\t\t\t<div class=\"elementor-widget-container\">\n\t\t\t\t\t\t\t<p>By using this website <br \/>you agree to our <a href=\"https:\/\/visitnorthcroatia.com\/en\/cookie-policy\/\"><strong>terms of use and privacy policy<\/strong><\/a>.<\/p>\t\t\t\t\t\t<\/div>\n\t\t\t\t<\/div>\n\t\t\t\t\t<\/div>\n\t\t<\/div>\n\t\t\t\t<div class=\"elementor-column elementor-col-33 elementor-top-column elementor-element elementor-element-c0ad9c0\" data-id=\"c0ad9c0\" data-element_type=\"column\">\n\t\t\t<div class=\"elementor-widget-wrap elementor-element-populated\">\n\t\t\t\t\t\t<div class=\"elementor-element elementor-element-114e1b5 elementor-widget elementor-widget-text-editor\" data-id=\"114e1b5\" data-element_type=\"widget\" data-widget_type=\"text-editor.default\">\n\t\t\t\t<div class=\"elementor-widget-container\">\n\t\t\t\t\t\t\t<p><a href=\"https:\/\/www.facebook.com\/visit.north.croatia\" target=\"_blank\" rel=\"noopener\">FACEBOOK<\/a><br \/><a href=\"https:\/\/www.instagram.com\/visit.north.croatia\/\" target=\"_blank\" rel=\"noopener\">INSTAGRAM<\/a><\/p>\t\t\t\t\t\t<\/div>\n\t\t\t\t<\/div>\n\t\t\t\t<div class=\"elementor-element elementor-element-68ac4b7 elementor-align-center elementor-widget elementor-widget-button\" data-id=\"68ac4b7\" data-element_type=\"widget\" data-widget_type=\"button.default\">\n\t\t\t\t<div class=\"elementor-widget-container\">\n\t\t\t\t\t\t\t<div class=\"elementor-button-wrapper\">\n\t\t\t\t\t<a class=\"elementor-button elementor-button-link elementor-size-sm\" href=\"http:\/\/eepurl.com\/hdU_4L\" target=\"_blank\">\n\t\t\t\t\t\t<span class=\"elementor-button-content-wrapper\">\n\t\t\t\t\t\t\t\t\t<span class=\"elementor-button-text\">NEWSLETTER<\/span>\n\t\t\t\t\t<\/span>\n\t\t\t\t\t<\/a>\n\t\t\t\t<\/div>\n\t\t\t\t\t\t<\/div>\n\t\t\t\t<\/div>\n\t\t\t\t\t<\/div>\n\t\t<\/div>\n\t\t\t\t\t<\/div>\n\t\t<\/section>\n\t\t\t\t<\/div>","protected":false},"excerpt":{"rendered":"<p>Naslovna Razlozi za put na sjever Blog Blog Kvizovi Informacije O nama Kontakt eBooks X Facebook Instagram Heart Centar za posjetitelje Med dvemi vodami Tijekom 2023. uz vodi\u010d Razlozi za put na sjever u Centru za posjetitelje Med dvemi vodami ostvarujete popust od 20% na individualne i obiteljske ulaznice. Saznajte vi\u0161e i naru\u010dite vodi\u010d Ako [&hellip;]<\/p>","protected":false},"author":1,"featured_media":0,"parent":0,"menu_order":0,"comment_status":"closed","ping_status":"closed","template":"","meta":{"_monsterinsights_skip_tracking":false,"_monsterinsights_sitenote_active":false,"_monsterinsights_sitenote_note":"","_monsterinsights_sitenote_category":0,"footnotes":""},"_links":{"self":[{"href":"http:\/\/visitnorthcroatia.com\/en\/wp-json\/wp\/v2\/pages\/4400"}],"collection":[{"href":"http:\/\/visitnorthcroatia.com\/en\/wp-json\/wp\/v2\/pages"}],"about":[{"href":"http:\/\/visitnorthcroatia.com\/en\/wp-json\/wp\/v2\/types\/page"}],"author":[{"embeddable":true,"href":"http:\/\/visitnorthcroatia.com\/en\/wp-json\/wp\/v2\/users\/1"}],"replies":[{"embeddable":true,"href":"http:\/\/visitnorthcroatia.com\/en\/wp-json\/wp\/v2\/comments?post=4400"}],"version-history":[{"count":13,"href":"http:\/\/visitnorthcroatia.com\/en\/wp-json\/wp\/v2\/pages\/4400\/revisions"}],"predecessor-version":[{"id":5037,"href":"http:\/\/visitnorthcroatia.com\/en\/wp-json\/wp\/v2\/pages\/4400\/revisions\/5037"}],"wp:attachment":[{"href":"http:\/\/visitnorthcroatia.com\/en\/wp-json\/wp\/v2\/media?parent=4400"}],"curies":[{"name":"wp","href":"https:\/\/api.w.org\/{rel}","templated":true}]}}