{"id":1344,"date":"2020-11-19T08:23:06","date_gmt":"2020-11-19T08:23:06","guid":{"rendered":"https:\/\/visitnorthcroatia.com\/?page_id=1344"},"modified":"2021-04-15T19:38:19","modified_gmt":"2021-04-15T19:38:19","slug":"posjeti-centar-med-dvemi-vodami","status":"publish","type":"page","link":"https:\/\/visitnorthcroatia.com\/en\/north-croatia-kids\/posjeti-centar-med-dvemi-vodami\/","title":{"rendered":"Visit the centre Between the two waters"},"content":{"rendered":"<div data-elementor-type=\"wp-page\" data-elementor-id=\"1344\" class=\"elementor elementor-1344\">\n\t\t\t\t\t\t<section class=\"elementor-section elementor-top-section elementor-element elementor-element-6a74448 elementor-section-stretched elementor-section-boxed elementor-section-height-default elementor-section-height-default\" data-id=\"6a74448\" data-element_type=\"section\" data-settings=\"{&quot;background_background&quot;:&quot;classic&quot;,&quot;stretch_section&quot;:&quot;section-stretched&quot;}\">\n\t\t\t\t\t\t\t<div class=\"elementor-background-overlay\"><\/div>\n\t\t\t\t\t\t\t<div class=\"elementor-container elementor-column-gap-no\">\n\t\t\t\t\t<div class=\"elementor-column elementor-col-100 elementor-top-column elementor-element elementor-element-3caea35\" data-id=\"3caea35\" data-element_type=\"column\">\n\t\t\t<div class=\"elementor-widget-wrap elementor-element-populated\">\n\t\t\t\t\t\t<div class=\"elementor-element elementor-element-c5c28bc elementor-widget elementor-widget-spacer\" data-id=\"c5c28bc\" data-element_type=\"widget\" data-widget_type=\"spacer.default\">\n\t\t\t\t<div class=\"elementor-widget-container\">\n\t\t\t\t\t<div class=\"elementor-spacer\">\n\t\t\t<div class=\"elementor-spacer-inner\"><\/div>\n\t\t<\/div>\n\t\t\t\t<\/div>\n\t\t\t\t<\/div>\n\t\t\t\t<div class=\"elementor-element elementor-element-d8d8531 elementor-invisible elementor-widget elementor-widget-heading\" data-id=\"d8d8531\" data-element_type=\"widget\" data-settings=\"{&quot;_animation&quot;:&quot;bounceInDown&quot;}\" data-widget_type=\"heading.default\">\n\t\t\t\t<div class=\"elementor-widget-container\">\n\t\t\t<h3 class=\"elementor-heading-title elementor-size-medium\">Between the two waters - interpretation centre<\/h3>\t\t<\/div>\n\t\t\t\t<\/div>\n\t\t\t\t<div class=\"elementor-element elementor-element-53a95b6 elementor-widget__width-auto elementor-widget elementor-widget-text-editor\" data-id=\"53a95b6\" data-element_type=\"widget\" data-settings=\"{&quot;_animation&quot;:&quot;none&quot;}\" data-widget_type=\"text-editor.default\">\n\t\t\t\t<div class=\"elementor-widget-container\">\n\t\t\t\t\t\t\t<p><strong>If you love animals<\/strong>, rivers, grass, trees and everything that makes nature around us as amazing as it is, then you'll enjoy this fun and educational centre.<\/p><p>You will learn a lot about the two biggest rivers of north Croatia, <strong>Drava and Mura<\/strong>: what their streams look like, where from do they get so much water, what animals live in and around them, how people have learned to live by the river. This centre will sing to you the songs of various birds so that you can recognize them once you are in nature.<\/p><p>Before you continue your travel and nature exploration, try out the<strong> playground<\/strong> , one of the biggest you've ever seen! But hush! Near the playground, you'll find <strong>Insects' Hotel<\/strong> so we can't be too loud when they're on their vacation! Approach the hotel and take a good look - if the hole is closed it means that there is a guest inside!\u00a0<\/p>\t\t\t\t\t\t<\/div>\n\t\t\t\t<\/div>\n\t\t\t\t\t<\/div>\n\t\t<\/div>\n\t\t\t\t\t<\/div>\n\t\t<\/section>\n\t\t\t\t<section class=\"elementor-section elementor-top-section elementor-element elementor-element-7ee92d6 elementor-section-boxed elementor-section-height-default elementor-section-height-default\" data-id=\"7ee92d6\" data-element_type=\"section\">\n\t\t\t\t\t\t<div class=\"elementor-container elementor-column-gap-default\">\n\t\t\t\t\t<div class=\"elementor-column elementor-col-100 elementor-top-column elementor-element elementor-element-4390a95\" data-id=\"4390a95\" data-element_type=\"column\">\n\t\t\t<div class=\"elementor-widget-wrap elementor-element-populated\">\n\t\t\t\t\t\t<div class=\"elementor-element elementor-element-c85a620 elementor-widget elementor-widget-spacer\" data-id=\"c85a620\" data-element_type=\"widget\" data-widget_type=\"spacer.default\">\n\t\t\t\t<div class=\"elementor-widget-container\">\n\t\t\t\t\t<div class=\"elementor-spacer\">\n\t\t\t<div class=\"elementor-spacer-inner\"><\/div>\n\t\t<\/div>\n\t\t\t\t<\/div>\n\t\t\t\t<\/div>\n\t\t\t\t\t<\/div>\n\t\t<\/div>\n\t\t\t\t\t<\/div>\n\t\t<\/section>\n\t\t\t\t<section class=\"elementor-section elementor-top-section elementor-element elementor-element-5eb13cc elementor-section-boxed elementor-section-height-default elementor-section-height-default\" data-id=\"5eb13cc\" data-element_type=\"section\">\n\t\t\t\t\t\t<div class=\"elementor-container elementor-column-gap-default\">\n\t\t\t\t\t<div class=\"elementor-column elementor-col-50 elementor-top-column elementor-element elementor-element-e82ea93\" data-id=\"e82ea93\" data-element_type=\"column\">\n\t\t\t<div class=\"elementor-widget-wrap elementor-element-populated\">\n\t\t\t\t\t\t<div class=\"elementor-element elementor-element-e94d12b elementor-widget elementor-widget-text-editor\" data-id=\"e94d12b\" data-element_type=\"widget\" data-widget_type=\"text-editor.default\">\n\t\t\t\t<div class=\"elementor-widget-container\">\n\t\t\t\t\t\t\t<p>Find out more about the center Between the two waters and plan your visit by clicking on the link:\u00a0<\/p>\t\t\t\t\t\t<\/div>\n\t\t\t\t<\/div>\n\t\t\t\t\t<\/div>\n\t\t<\/div>\n\t\t\t\t<div class=\"elementor-column elementor-col-50 elementor-top-column elementor-element elementor-element-03f0280\" data-id=\"03f0280\" data-element_type=\"column\">\n\t\t\t<div class=\"elementor-widget-wrap elementor-element-populated\">\n\t\t\t\t\t\t<div class=\"elementor-element elementor-element-99acfce elementor-align-left elementor-widget elementor-widget-button\" data-id=\"99acfce\" data-element_type=\"widget\" data-widget_type=\"button.default\">\n\t\t\t\t<div class=\"elementor-widget-container\">\n\t\t\t\t\t\t\t<div class=\"elementor-button-wrapper\">\n\t\t\t\t\t<a class=\"elementor-button elementor-button-link elementor-size-sm elementor-animation-rotate\" href=\"https:\/\/med-dvemi-vodami.info\/\" target=\"_blank\">\n\t\t\t\t\t\t<span class=\"elementor-button-content-wrapper\">\n\t\t\t\t\t\t\t\t\t<span class=\"elementor-button-text\">BETWEEN THE TWO WATERS<\/span>\n\t\t\t\t\t<\/span>\n\t\t\t\t\t<\/a>\n\t\t\t\t<\/div>\n\t\t\t\t\t\t<\/div>\n\t\t\t\t<\/div>\n\t\t\t\t\t<\/div>\n\t\t<\/div>\n\t\t\t\t\t<\/div>\n\t\t<\/section>\n\t\t\t\t<section class=\"elementor-section elementor-top-section elementor-element elementor-element-570ff6a elementor-section-boxed elementor-section-height-default elementor-section-height-default\" data-id=\"570ff6a\" data-element_type=\"section\">\n\t\t\t\t\t\t<div class=\"elementor-container elementor-column-gap-default\">\n\t\t\t\t\t<div class=\"elementor-column elementor-col-100 elementor-top-column elementor-element elementor-element-294d6e9\" data-id=\"294d6e9\" data-element_type=\"column\">\n\t\t\t<div class=\"elementor-widget-wrap elementor-element-populated\">\n\t\t\t\t\t\t<div class=\"elementor-element elementor-element-4de51e4 elementor-widget elementor-widget-spacer\" data-id=\"4de51e4\" data-element_type=\"widget\" data-widget_type=\"spacer.default\">\n\t\t\t\t<div class=\"elementor-widget-container\">\n\t\t\t\t\t<div class=\"elementor-spacer\">\n\t\t\t<div class=\"elementor-spacer-inner\"><\/div>\n\t\t<\/div>\n\t\t\t\t<\/div>\n\t\t\t\t<\/div>\n\t\t\t\t\t<\/div>\n\t\t<\/div>\n\t\t\t\t\t<\/div>\n\t\t<\/section>\n\t\t\t\t<section class=\"elementor-section elementor-top-section elementor-element elementor-element-b4eae35 elementor-section-boxed elementor-section-height-default elementor-section-height-default\" data-id=\"b4eae35\" data-element_type=\"section\">\n\t\t\t\t\t\t<div class=\"elementor-container elementor-column-gap-default\">\n\t\t\t\t\t<div class=\"elementor-column elementor-col-100 elementor-top-column elementor-element elementor-element-d73fd56\" data-id=\"d73fd56\" data-element_type=\"column\">\n\t\t\t<div class=\"elementor-widget-wrap elementor-element-populated\">\n\t\t\t\t\t\t<div class=\"elementor-element elementor-element-67b8cc0 elementor-invisible elementor-widget elementor-widget-heading\" data-id=\"67b8cc0\" data-element_type=\"widget\" data-settings=\"{&quot;_animation&quot;:&quot;swing&quot;}\" data-widget_type=\"heading.default\">\n\t\t\t\t<div class=\"elementor-widget-container\">\n\t\t\t<h2 class=\"elementor-heading-title elementor-size-default\">Click on the photo:<\/h2>\t\t<\/div>\n\t\t\t\t<\/div>\n\t\t\t\t\t<\/div>\n\t\t<\/div>\n\t\t\t\t\t<\/div>\n\t\t<\/section>\n\t\t\t\t<section class=\"elementor-section elementor-top-section elementor-element elementor-element-2484981 elementor-section-boxed elementor-section-height-default elementor-section-height-default\" data-id=\"2484981\" data-element_type=\"section\">\n\t\t\t\t\t\t<div class=\"elementor-container elementor-column-gap-default\">\n\t\t\t\t\t<div class=\"elementor-column elementor-col-33 elementor-top-column elementor-element elementor-element-5d0c353\" data-id=\"5d0c353\" data-element_type=\"column\">\n\t\t\t<div class=\"elementor-widget-wrap elementor-element-populated\">\n\t\t\t\t\t\t<div class=\"elementor-element elementor-element-d422f35 elementor-invisible elementor-widget elementor-widget-image\" data-id=\"d422f35\" data-element_type=\"widget\" data-settings=\"{&quot;_animation&quot;:&quot;bounceIn&quot;}\" data-widget_type=\"image.default\">\n\t\t\t\t<div class=\"elementor-widget-container\">\n\t\t\t\t\t\t\t\t\t\t\t\t\t\t<a href=\"https:\/\/visitnorthcroatia.com\/wp-content\/uploads\/2020\/10\/IMG_0946-1.jpg\" data-elementor-open-lightbox=\"yes\" data-elementor-lightbox-title=\"Med dvemi vodami\" data-e-action-hash=\"#elementor-action%3Aaction%3Dlightbox%26settings%3DeyJpZCI6MzU3LCJ1cmwiOiJodHRwczpcL1wvdmlzaXRub3J0aGNyb2F0aWEuY29tXC93cC1jb250ZW50XC91cGxvYWRzXC8yMDIwXC8xMFwvSU1HXzA5NDYtMS1lMTYwNTc3OTExOTg2MS5qcGcifQ%3D%3D\">\n\t\t\t\t\t\t\t<img fetchpriority=\"high\" decoding=\"async\" width=\"258\" height=\"300\" src=\"https:\/\/visitnorthcroatia.com\/wp-content\/uploads\/2020\/10\/IMG_0946-1-e1605779119861-258x300.jpg\" class=\"elementor-animation-grow attachment-medium size-medium wp-image-357\" alt=\"\" srcset=\"https:\/\/visitnorthcroatia.com\/wp-content\/uploads\/2020\/10\/IMG_0946-1-e1605779119861-258x300.jpg 258w, https:\/\/visitnorthcroatia.com\/wp-content\/uploads\/2020\/10\/IMG_0946-1-e1605779119861-600x697.jpg 600w, https:\/\/visitnorthcroatia.com\/wp-content\/uploads\/2020\/10\/IMG_0946-1-e1605779119861-768x892.jpg 768w, https:\/\/visitnorthcroatia.com\/wp-content\/uploads\/2020\/10\/IMG_0946-1-e1605779119861.jpg 775w\" sizes=\"(max-width: 258px) 100vw, 258px\" \/>\t\t\t\t\t\t\t\t<\/a>\n\t\t\t\t\t\t\t\t\t\t\t\t\t<\/div>\n\t\t\t\t<\/div>\n\t\t\t\t\t<\/div>\n\t\t<\/div>\n\t\t\t\t<div class=\"elementor-column elementor-col-33 elementor-top-column elementor-element elementor-element-e5eccc2\" data-id=\"e5eccc2\" data-element_type=\"column\">\n\t\t\t<div class=\"elementor-widget-wrap elementor-element-populated\">\n\t\t\t\t\t\t<div class=\"elementor-element elementor-element-fb79f89 elementor-invisible elementor-widget elementor-widget-image\" data-id=\"fb79f89\" data-element_type=\"widget\" data-settings=\"{&quot;_animation&quot;:&quot;bounceIn&quot;}\" data-widget_type=\"image.default\">\n\t\t\t\t<div class=\"elementor-widget-container\">\n\t\t\t\t\t\t\t\t\t\t\t\t\t\t<a href=\"https:\/\/visitnorthcroatia.com\/wp-content\/uploads\/2020\/11\/IMG_0957-scaled.jpg\" data-elementor-open-lightbox=\"yes\" data-elementor-lightbox-title=\"Med dvemi vodami\" data-e-action-hash=\"#elementor-action%3Aaction%3Dlightbox%26settings%3DeyJpZCI6MTM1OCwidXJsIjoiaHR0cHM6XC9cL3Zpc2l0bm9ydGhjcm9hdGlhLmNvbVwvd3AtY29udGVudFwvdXBsb2Fkc1wvMjAyMFwvMTFcL0lNR18wOTU3LXNjYWxlZC1lMTYzNjEyNDM5MjYyMi5qcGcifQ%3D%3D\">\n\t\t\t\t\t\t\t<img decoding=\"async\" width=\"279\" height=\"300\" src=\"https:\/\/visitnorthcroatia.com\/wp-content\/uploads\/2020\/11\/IMG_0957-scaled-e1636124392622-279x300.jpg\" class=\"elementor-animation-grow attachment-medium size-medium wp-image-1358\" alt=\"\" srcset=\"https:\/\/visitnorthcroatia.com\/wp-content\/uploads\/2020\/11\/IMG_0957-scaled-e1636124392622-279x300.jpg 279w, https:\/\/visitnorthcroatia.com\/wp-content\/uploads\/2020\/11\/IMG_0957-scaled-e1636124392622-952x1024.jpg 952w, https:\/\/visitnorthcroatia.com\/wp-content\/uploads\/2020\/11\/IMG_0957-scaled-e1636124392622-768x826.jpg 768w, https:\/\/visitnorthcroatia.com\/wp-content\/uploads\/2020\/11\/IMG_0957-scaled-e1636124392622-1429x1536.jpg 1429w, https:\/\/visitnorthcroatia.com\/wp-content\/uploads\/2020\/11\/IMG_0957-scaled-e1636124392622-11x12.jpg 11w, https:\/\/visitnorthcroatia.com\/wp-content\/uploads\/2020\/11\/IMG_0957-scaled-e1636124392622.jpg 1702w\" sizes=\"(max-width: 279px) 100vw, 279px\" \/>\t\t\t\t\t\t\t\t<\/a>\n\t\t\t\t\t\t\t\t\t\t\t\t\t<\/div>\n\t\t\t\t<\/div>\n\t\t\t\t\t<\/div>\n\t\t<\/div>\n\t\t\t\t<div class=\"elementor-column elementor-col-33 elementor-top-column elementor-element elementor-element-7cf3c3e\" data-id=\"7cf3c3e\" data-element_type=\"column\">\n\t\t\t<div class=\"elementor-widget-wrap elementor-element-populated\">\n\t\t\t\t\t\t<div class=\"elementor-element elementor-element-daa04ee elementor-invisible elementor-widget elementor-widget-image\" data-id=\"daa04ee\" data-element_type=\"widget\" data-settings=\"{&quot;_animation&quot;:&quot;bounceIn&quot;,&quot;_animation_delay&quot;:400}\" data-widget_type=\"image.default\">\n\t\t\t\t<div class=\"elementor-widget-container\">\n\t\t\t\t\t\t\t\t\t\t\t\t\t\t<a href=\"https:\/\/visitnorthcroatia.com\/wp-content\/uploads\/2020\/11\/IMG_0934-scaled.jpg\" data-elementor-open-lightbox=\"yes\" data-elementor-lightbox-title=\"Med dvemi vodami\" data-e-action-hash=\"#elementor-action%3Aaction%3Dlightbox%26settings%3DeyJpZCI6MTM1OSwidXJsIjoiaHR0cHM6XC9cL3Zpc2l0bm9ydGhjcm9hdGlhLmNvbVwvd3AtY29udGVudFwvdXBsb2Fkc1wvMjAyMFwvMTFcL0lNR18wOTM0LXNjYWxlZC5qcGcifQ%3D%3D\">\n\t\t\t\t\t\t\t<img decoding=\"async\" width=\"230\" height=\"300\" src=\"https:\/\/visitnorthcroatia.com\/wp-content\/uploads\/2020\/11\/IMG_0934-230x300.jpg\" class=\"elementor-animation-grow attachment-medium size-medium wp-image-1359\" alt=\"\" srcset=\"https:\/\/visitnorthcroatia.com\/wp-content\/uploads\/2020\/11\/IMG_0934-230x300.jpg 230w, https:\/\/visitnorthcroatia.com\/wp-content\/uploads\/2020\/11\/IMG_0934-scaled-600x783.jpg 600w, https:\/\/visitnorthcroatia.com\/wp-content\/uploads\/2020\/11\/IMG_0934-784x1024.jpg 784w, https:\/\/visitnorthcroatia.com\/wp-content\/uploads\/2020\/11\/IMG_0934-768x1003.jpg 768w, https:\/\/visitnorthcroatia.com\/wp-content\/uploads\/2020\/11\/IMG_0934-1176x1536.jpg 1176w, https:\/\/visitnorthcroatia.com\/wp-content\/uploads\/2020\/11\/IMG_0934-1569x2048.jpg 1569w, https:\/\/visitnorthcroatia.com\/wp-content\/uploads\/2020\/11\/IMG_0934-scaled.jpg 1961w\" sizes=\"(max-width: 230px) 100vw, 230px\" \/>\t\t\t\t\t\t\t\t<\/a>\n\t\t\t\t\t\t\t\t\t\t\t\t\t<\/div>\n\t\t\t\t<\/div>\n\t\t\t\t\t<\/div>\n\t\t<\/div>\n\t\t\t\t\t<\/div>\n\t\t<\/section>\n\t\t\t\t<section class=\"elementor-section elementor-top-section elementor-element elementor-element-57b8d4b elementor-section-boxed elementor-section-height-default elementor-section-height-default\" data-id=\"57b8d4b\" data-element_type=\"section\">\n\t\t\t\t\t\t<div class=\"elementor-container elementor-column-gap-default\">\n\t\t\t\t\t<div class=\"elementor-column elementor-col-100 elementor-top-column elementor-element elementor-element-dd7893f\" data-id=\"dd7893f\" data-element_type=\"column\">\n\t\t\t<div class=\"elementor-widget-wrap elementor-element-populated\">\n\t\t\t\t\t\t<div class=\"elementor-element elementor-element-a28f4d8 elementor-widget elementor-widget-spacer\" data-id=\"a28f4d8\" data-element_type=\"widget\" data-widget_type=\"spacer.default\">\n\t\t\t\t<div class=\"elementor-widget-container\">\n\t\t\t\t\t<div class=\"elementor-spacer\">\n\t\t\t<div class=\"elementor-spacer-inner\"><\/div>\n\t\t<\/div>\n\t\t\t\t<\/div>\n\t\t\t\t<\/div>\n\t\t\t\t\t<\/div>\n\t\t<\/div>\n\t\t\t\t\t<\/div>\n\t\t<\/section>\n\t\t\t\t<\/div>","protected":false},"excerpt":{"rendered":"<p>Med dvemi vodami Ako voli\u0161 \u017eivotinje, rijeke, travu, drve\u0107e i sve drugo \u0161to \u010dini prirodu oko nas onda \u0107e\u0161 u\u017eivati u ovom zabavnom i pou\u010dnom centru. Otkrit \u0107e\u0161 puno o dvije najve\u0107e rijeke sjeverne Hrvatske, Dravi i Muri: kako izgledaju njihovi tokovi, od kud dobivaju toliko vode, koje \u017eivotinje \u017eive u njima i pokraj njih, [&hellip;]<\/p>","protected":false},"author":1,"featured_media":0,"parent":284,"menu_order":0,"comment_status":"closed","ping_status":"closed","template":"","meta":{"_monsterinsights_skip_tracking":false,"_monsterinsights_sitenote_active":false,"_monsterinsights_sitenote_note":"","_monsterinsights_sitenote_category":0,"footnotes":""},"_links":{"self":[{"href":"https:\/\/visitnorthcroatia.com\/en\/wp-json\/wp\/v2\/pages\/1344"}],"collection":[{"href":"https:\/\/visitnorthcroatia.com\/en\/wp-json\/wp\/v2\/pages"}],"about":[{"href":"https:\/\/visitnorthcroatia.com\/en\/wp-json\/wp\/v2\/types\/page"}],"author":[{"embeddable":true,"href":"https:\/\/visitnorthcroatia.com\/en\/wp-json\/wp\/v2\/users\/1"}],"replies":[{"embeddable":true,"href":"https:\/\/visitnorthcroatia.com\/en\/wp-json\/wp\/v2\/comments?post=1344"}],"version-history":[{"count":44,"href":"https:\/\/visitnorthcroatia.com\/en\/wp-json\/wp\/v2\/pages\/1344\/revisions"}],"predecessor-version":[{"id":3983,"href":"https:\/\/visitnorthcroatia.com\/en\/wp-json\/wp\/v2\/pages\/1344\/revisions\/3983"}],"up":[{"embeddable":true,"href":"https:\/\/visitnorthcroatia.com\/en\/wp-json\/wp\/v2\/pages\/284"}],"wp:attachment":[{"href":"https:\/\/visitnorthcroatia.com\/en\/wp-json\/wp\/v2\/media?parent=1344"}],"curies":[{"name":"wp","href":"https:\/\/api.w.org\/{rel}","templated":true}]}}