{"id":4254,"date":"2022-03-03T11:39:02","date_gmt":"2022-03-03T11:39:02","guid":{"rendered":"https:\/\/visitnorthcroatia.com\/?page_id=4254"},"modified":"2023-07-24T12:25:47","modified_gmt":"2023-07-24T12:25:47","slug":"luria-green","status":"publish","type":"page","link":"https:\/\/visitnorthcroatia.com\/en\/luria-green\/","title":{"rendered":"Luria Green"},"content":{"rendered":"<div data-elementor-type=\"wp-page\" data-elementor-id=\"4254\" class=\"elementor elementor-4254\">\n\t\t\t\t\t\t<header class=\"elementor-section elementor-top-section elementor-element elementor-element-d1a46a6 elementor-section-content-middle elementor-section-stretched elementor-section-boxed elementor-section-height-default elementor-section-height-default\" data-id=\"d1a46a6\" data-element_type=\"section\" data-settings=\"{&quot;background_background&quot;:&quot;classic&quot;,&quot;stretch_section&quot;:&quot;section-stretched&quot;}\">\n\t\t\t\t\t\t<div class=\"elementor-container elementor-column-gap-no\">\n\t\t\t\t\t<div class=\"elementor-column elementor-col-25 elementor-top-column elementor-element elementor-element-06bbd8c\" data-id=\"06bbd8c\" data-element_type=\"column\">\n\t\t\t<div class=\"elementor-widget-wrap elementor-element-populated\">\n\t\t\t\t\t\t<div class=\"elementor-element elementor-element-e292b86 elementor-widget elementor-widget-image\" data-id=\"e292b86\" data-element_type=\"widget\" data-widget_type=\"image.default\">\n\t\t\t\t<div class=\"elementor-widget-container\">\n\t\t\t\t\t\t\t\t\t\t\t\t\t<img fetchpriority=\"high\" decoding=\"async\" width=\"1024\" height=\"535\" src=\"https:\/\/visitnorthcroatia.com\/wp-content\/uploads\/2020\/12\/VCN-Logo-1-1-1024x535.png\" class=\"attachment-large size-large wp-image-3071\" alt=\"\" srcset=\"https:\/\/visitnorthcroatia.com\/wp-content\/uploads\/2020\/12\/VCN-Logo-1-1-1024x535.png 1024w, https:\/\/visitnorthcroatia.com\/wp-content\/uploads\/2020\/12\/VCN-Logo-1-1-600x314.png 600w, https:\/\/visitnorthcroatia.com\/wp-content\/uploads\/2020\/12\/VCN-Logo-1-1-300x157.png 300w, https:\/\/visitnorthcroatia.com\/wp-content\/uploads\/2020\/12\/VCN-Logo-1-1-768x402.png 768w, https:\/\/visitnorthcroatia.com\/wp-content\/uploads\/2020\/12\/VCN-Logo-1-1.png 1530w\" sizes=\"(max-width: 1024px) 100vw, 1024px\" \/>\t\t\t\t\t\t\t\t\t\t\t\t\t<\/div>\n\t\t\t\t<\/div>\n\t\t\t\t\t<\/div>\n\t\t<\/div>\n\t\t\t\t<div class=\"elementor-column elementor-col-25 elementor-top-column elementor-element elementor-element-39c3f5b\" data-id=\"39c3f5b\" data-element_type=\"column\">\n\t\t\t<div class=\"elementor-widget-wrap elementor-element-populated\">\n\t\t\t\t\t\t<div class=\"elementor-element elementor-element-44b2853 elementor-widget elementor-widget-ekit-nav-menu\" data-id=\"44b2853\" data-element_type=\"widget\" data-widget_type=\"ekit-nav-menu.default\">\n\t\t\t\t<div class=\"elementor-widget-container\">\n\t\t\t\t\t<nav class=\"ekit-wid-con ekit_menu_responsive_tablet\" \n\t\t\tdata-hamburger-icon=\"\" \n\t\t\tdata-hamburger-icon-type=\"icon\" \n\t\t\tdata-responsive-breakpoint=\"1024\">\n\t\t\t            <button class=\"elementskit-menu-hamburger elementskit-menu-toggler\"  type=\"button\" aria-label=\"hamburger-icon\">\n                                    <span class=\"elementskit-menu-hamburger-icon\"><\/span><span class=\"elementskit-menu-hamburger-icon\"><\/span><span class=\"elementskit-menu-hamburger-icon\"><\/span>\n                            <\/button>\n            <div id=\"ekit-megamenu-glavni\" class=\"elementskit-menu-container elementskit-menu-offcanvas-elements elementskit-navbar-nav-default ekit-nav-menu-one-page-no ekit-nav-dropdown-hover\"><ul id=\"menu-glavni\" class=\"elementskit-navbar-nav elementskit-menu-po-center submenu-click-on-icon\"><li id=\"menu-item-1829\" class=\"menu-item menu-item-type-post_type menu-item-object-page menu-item-home menu-item-1829 nav-item elementskit-mobile-builder-content\" data-vertical-menu=\"750px\"><a href=\"https:\/\/visitnorthcroatia.com\/en\/\" class=\"ekit-menu-nav-link\">Home<\/a><\/li>\n<li id=\"menu-item-4091\" class=\"menu-item menu-item-type-post_type menu-item-object-page menu-item-4091 nav-item elementskit-mobile-builder-content\" data-vertical-menu=\"750px\"><a href=\"https:\/\/visitnorthcroatia.com\/en\/razlozi-za-put-na-sjever\/\" class=\"ekit-menu-nav-link\">Reasons to Go North<\/a><\/li>\n<li id=\"menu-item-251\" class=\"menu-item menu-item-type-post_type menu-item-object-page menu-item-has-children menu-item-251 nav-item elementskit-dropdown-has relative_position elementskit-dropdown-menu-default_width elementskit-mobile-builder-content\" data-vertical-menu=\"750px\"><a href=\"https:\/\/visitnorthcroatia.com\/en\/blog\/\" class=\"ekit-menu-nav-link ekit-menu-dropdown-toggle\">Blog<i aria-hidden=\"true\" class=\"icon icon-down-arrow1 elementskit-submenu-indicator\"><\/i><\/a>\n<ul class=\"elementskit-dropdown elementskit-submenu-panel\">\n\t<li id=\"menu-item-4511\" class=\"menu-item menu-item-type-post_type menu-item-object-page menu-item-4511 nav-item elementskit-mobile-builder-content\" data-vertical-menu=\"750px\"><a href=\"https:\/\/visitnorthcroatia.com\/en\/blog\/\" class=\"dropdown-item\">Blog<\/a>\t<li id=\"menu-item-4510\" class=\"menu-item menu-item-type-post_type menu-item-object-page menu-item-4510 nav-item elementskit-mobile-builder-content\" data-vertical-menu=\"750px\"><a href=\"https:\/\/visitnorthcroatia.com\/en\/kvizovi\/\" class=\"dropdown-item\">Puzzle games<\/a><\/ul>\n<\/li>\n<li id=\"menu-item-250\" class=\"menu-item menu-item-type-post_type menu-item-object-page menu-item-has-children menu-item-250 nav-item elementskit-dropdown-has relative_position elementskit-dropdown-menu-default_width elementskit-mobile-builder-content\" data-vertical-menu=\"750px\"><a href=\"https:\/\/visitnorthcroatia.com\/en\/kontakt\/\" class=\"ekit-menu-nav-link ekit-menu-dropdown-toggle\">Info<i aria-hidden=\"true\" class=\"icon icon-down-arrow1 elementskit-submenu-indicator\"><\/i><\/a>\n<ul class=\"elementskit-dropdown elementskit-submenu-panel\">\n\t<li id=\"menu-item-884\" class=\"menu-item menu-item-type-post_type menu-item-object-page menu-item-884 nav-item elementskit-mobile-builder-content\" data-vertical-menu=\"750px\"><a href=\"https:\/\/visitnorthcroatia.com\/en\/o-nama\/\" class=\"dropdown-item\">About us<\/a>\t<li id=\"menu-item-312\" class=\"menu-item menu-item-type-post_type menu-item-object-page menu-item-312 nav-item elementskit-mobile-builder-content\" data-vertical-menu=\"750px\"><a href=\"https:\/\/visitnorthcroatia.com\/en\/ebooks\/\" class=\"dropdown-item\">eBooks<\/a><\/ul>\n<\/li>\n<li id=\"menu-item-314\" class=\"menu-item menu-item-type-post_type menu-item-object-page menu-item-314 nav-item elementskit-mobile-builder-content\" data-vertical-menu=\"750px\"><a href=\"https:\/\/visitnorthcroatia.com\/en\/kontakt1\/\" class=\"ekit-menu-nav-link\">Contact<\/a><\/li>\n<\/ul><div class=\"elementskit-nav-identity-panel\"><button class=\"elementskit-menu-close elementskit-menu-toggler\" type=\"button\">X<\/button><\/div><\/div>\t\t\t\n\t\t\t<div class=\"elementskit-menu-overlay elementskit-menu-offcanvas-elements elementskit-menu-toggler ekit-nav-menu--overlay\"><\/div>        <\/nav>\n\t\t\t\t<\/div>\n\t\t\t\t<\/div>\n\t\t\t\t\t<\/div>\n\t\t<\/div>\n\t\t\t\t<div class=\"elementor-column elementor-col-25 elementor-top-column elementor-element elementor-element-b722d79\" data-id=\"b722d79\" data-element_type=\"column\">\n\t\t\t<div class=\"elementor-widget-wrap elementor-element-populated\">\n\t\t\t\t\t\t<div class=\"elementor-element elementor-element-8242dee elementor-widget elementor-widget-shortcode\" data-id=\"8242dee\" data-element_type=\"widget\" data-widget_type=\"shortcode.default\">\n\t\t\t\t<div class=\"elementor-widget-container\">\n\t\t\t\t\t<div class=\"elementor-shortcode\"><div class=\"trp_language_switcher_shortcode\">\n<div class=\"trp-language-switcher trp-language-switcher-container\" data-no-translation>\n    <div class=\"trp-ls-shortcode-current-language\">\n        <a href=\"#\" class=\"trp-ls-shortcode-disabled-language trp-ls-disabled-language\" title=\"English\" onclick=\"event.preventDefault()\">\n\t\t\t<img decoding=\"async\" class=\"trp-flag-image\" src=\"https:\/\/visitnorthcroatia.com\/wp-content\/plugins\/translatepress-multilingual\/assets\/images\/flags\/en_GB.png\" width=\"18\" height=\"12\" alt=\"en_GB\" title=\"English\"> \t\t<\/a>\n    <\/div>\n    <div class=\"trp-ls-shortcode-language\">\n                <a href=\"#\" class=\"trp-ls-shortcode-disabled-language trp-ls-disabled-language\"  title=\"English\" onclick=\"event.preventDefault()\">\n\t\t\t<img decoding=\"async\" class=\"trp-flag-image\" src=\"https:\/\/visitnorthcroatia.com\/wp-content\/plugins\/translatepress-multilingual\/assets\/images\/flags\/en_GB.png\" width=\"18\" height=\"12\" alt=\"en_GB\" title=\"English\"> \t\t<\/a>\n                    <a href=\"https:\/\/visitnorthcroatia.com\/en\/wp-json\/wp\/v2\/pages\/4254\" title=\"Croatian\">\n            <img decoding=\"async\" class=\"trp-flag-image\" src=\"https:\/\/visitnorthcroatia.com\/wp-content\/plugins\/translatepress-multilingual\/assets\/images\/flags\/hr.png\" width=\"18\" height=\"12\" alt=\"hr\" title=\"Croatian\">         <\/a>\n\n        <\/div>\n    <script type=\"application\/javascript\">\n        \/\/ need to have the same with set from JS on both divs. Otherwise it can push stuff around in HTML\n        var trp_ls_shortcodes = document.querySelectorAll('.trp_language_switcher_shortcode .trp-language-switcher');\n        if ( trp_ls_shortcodes.length > 0) {\n            \/\/ get the last language switcher added\n            var trp_el = trp_ls_shortcodes[trp_ls_shortcodes.length - 1];\n\n            var trp_shortcode_language_item = trp_el.querySelector( '.trp-ls-shortcode-language' )\n            \/\/ set width\n            var trp_ls_shortcode_width                                               = trp_shortcode_language_item.offsetWidth + 16;\n            trp_shortcode_language_item.style.width                                  = trp_ls_shortcode_width + 'px';\n            trp_el.querySelector( '.trp-ls-shortcode-current-language' ).style.width = trp_ls_shortcode_width + 'px';\n\n            \/\/ We're putting this on display: none after we have its width.\n            trp_shortcode_language_item.style.display = 'none';\n        }\n    <\/script>\n<\/div>\n<\/div><\/div>\n\t\t\t\t<\/div>\n\t\t\t\t<\/div>\n\t\t\t\t\t<\/div>\n\t\t<\/div>\n\t\t\t\t<div class=\"elementor-column elementor-col-25 elementor-top-column elementor-element elementor-element-d1f75dc\" data-id=\"d1f75dc\" data-element_type=\"column\">\n\t\t\t<div class=\"elementor-widget-wrap elementor-element-populated\">\n\t\t\t\t\t\t<div class=\"elementor-element elementor-element-a8980bf elementor-shape-circle e-grid-align-right e-grid-align-tablet-right e-grid-align-mobile-center elementor-hidden-phone elementor-grid-0 elementor-widget elementor-widget-social-icons\" data-id=\"a8980bf\" data-element_type=\"widget\" data-widget_type=\"social-icons.default\">\n\t\t\t\t<div class=\"elementor-widget-container\">\n\t\t\t\t\t<div class=\"elementor-social-icons-wrapper elementor-grid\">\n\t\t\t\t\t\t\t<span class=\"elementor-grid-item\">\n\t\t\t\t\t<a class=\"elementor-icon elementor-social-icon elementor-social-icon-facebook elementor-repeater-item-33f673a\" href=\"https:\/\/www.facebook.com\/visit.north.croatia\" target=\"_blank\">\n\t\t\t\t\t\t<span class=\"elementor-screen-only\">Facebook<\/span>\n\t\t\t\t\t\t<i class=\"fab fa-facebook\"><\/i>\t\t\t\t\t<\/a>\n\t\t\t\t<\/span>\n\t\t\t\t\t\t\t<span class=\"elementor-grid-item\">\n\t\t\t\t\t<a class=\"elementor-icon elementor-social-icon elementor-social-icon-instagram elementor-repeater-item-c58d333\" href=\"https:\/\/www.instagram.com\/visit.north.croatia\/\" target=\"_blank\">\n\t\t\t\t\t\t<span class=\"elementor-screen-only\">Instagram<\/span>\n\t\t\t\t\t\t<i class=\"fab fa-instagram\"><\/i>\t\t\t\t\t<\/a>\n\t\t\t\t<\/span>\n\t\t\t\t\t\t\t<span class=\"elementor-grid-item\">\n\t\t\t\t\t<a class=\"elementor-icon elementor-social-icon elementor-social-icon-heart elementor-repeater-item-e798b18\" href=\"http:\/\/eepurl.com\/hdU_4L\" target=\"_blank\">\n\t\t\t\t\t\t<span class=\"elementor-screen-only\">Heart<\/span>\n\t\t\t\t\t\t<i class=\"far fa-heart\"><\/i>\t\t\t\t\t<\/a>\n\t\t\t\t<\/span>\n\t\t\t\t\t<\/div>\n\t\t\t\t<\/div>\n\t\t\t\t<\/div>\n\t\t\t\t\t<\/div>\n\t\t<\/div>\n\t\t\t\t\t<\/div>\n\t\t<\/header>\n\t\t\t\t<section class=\"elementor-section elementor-top-section elementor-element elementor-element-1b0da6c elementor-section-boxed elementor-section-height-default elementor-section-height-default\" data-id=\"1b0da6c\" data-element_type=\"section\">\n\t\t\t\t\t\t<div class=\"elementor-container elementor-column-gap-default\">\n\t\t\t\t\t<div class=\"elementor-column elementor-col-100 elementor-top-column elementor-element elementor-element-848d510\" data-id=\"848d510\" data-element_type=\"column\">\n\t\t\t<div class=\"elementor-widget-wrap elementor-element-populated\">\n\t\t\t\t\t\t<div class=\"elementor-element elementor-element-f681f9b elementor-widget elementor-widget-elementskit-heading\" data-id=\"f681f9b\" data-element_type=\"widget\" data-widget_type=\"elementskit-heading.default\">\n\t\t\t\t<div class=\"elementor-widget-container\">\n\t\t\t<div class=\"ekit-wid-con\" ><div class=\"ekit-heading elementskit-section-title-wraper text_center   ekit_heading_tablet-   ekit_heading_mobile-\"><h2 class=\"ekit-heading--title elementskit-section-title\">Luria <span><span>Green<\/span><\/span><\/h2><\/div><\/div>\t\t<\/div>\n\t\t\t\t<\/div>\n\t\t\t\t\t<\/div>\n\t\t<\/div>\n\t\t\t\t\t<\/div>\n\t\t<\/section>\n\t\t\t\t<section class=\"elementor-section elementor-top-section elementor-element elementor-element-89bbf75 elementor-section-boxed elementor-section-height-default elementor-section-height-default\" data-id=\"89bbf75\" data-element_type=\"section\">\n\t\t\t\t\t\t<div class=\"elementor-container elementor-column-gap-default\">\n\t\t\t\t\t<div class=\"elementor-column elementor-col-50 elementor-top-column elementor-element elementor-element-b176f5b\" data-id=\"b176f5b\" data-element_type=\"column\">\n\t\t\t<div class=\"elementor-widget-wrap elementor-element-populated\">\n\t\t\t\t\t\t<div class=\"elementor-element elementor-element-2122b42 elementor-widget elementor-widget-text-editor\" data-id=\"2122b42\" data-element_type=\"widget\" data-widget_type=\"text-editor.default\">\n\t\t\t\t<div class=\"elementor-widget-container\">\n\t\t\t\t\t\t\t<p>Tijekom 2023. u ovoj ku\u0107i za odmor ostvarujete popust! Potrebno je prilikom dolaska ponijeti sa sobom vodi\u010d Razlozi za put na sjever.<\/p>\t\t\t\t\t\t<\/div>\n\t\t\t\t<\/div>\n\t\t\t\t<div class=\"elementor-element elementor-element-c9e8652 elementor-align-center elementor-widget elementor-widget-button\" data-id=\"c9e8652\" data-element_type=\"widget\" data-widget_type=\"button.default\">\n\t\t\t\t<div class=\"elementor-widget-container\">\n\t\t\t\t\t\t\t<div class=\"elementor-button-wrapper\">\n\t\t\t\t\t<a class=\"elementor-button elementor-button-link elementor-size-sm\" href=\"https:\/\/visitnorthcroatia.com\/en\/razlozi-za-put-na-sjever\/\">\n\t\t\t\t\t\t<span class=\"elementor-button-content-wrapper\">\n\t\t\t\t\t\t\t\t\t<span class=\"elementor-button-text\">Saznajte vi\u0161e i naru\u010dite vodi\u010d<\/span>\n\t\t\t\t\t<\/span>\n\t\t\t\t\t<\/a>\n\t\t\t\t<\/div>\n\t\t\t\t\t\t<\/div>\n\t\t\t\t<\/div>\n\t\t\t\t<div class=\"elementor-element elementor-element-8608506 elementor-widget elementor-widget-text-editor\" data-id=\"8608506\" data-element_type=\"widget\" data-widget_type=\"text-editor.default\">\n\t\t\t\t<div class=\"elementor-widget-container\">\n\t\t\t\t\t\t\t<p><span style=\"font-weight: 400;\">\u0160armantna ku\u0107a za odmor s 4 zvjezdice, Luria Green smje\u0161tena je na odli\u010dnoj lokaciji u mjestu Grabrovnik pokraj \u0160trigove. Okru\u017eena zelenim \u0161umama, brojnim vinogradima i prekrasnim pogledima, ovo je ku\u0107a u kojoj \u0107ete se osje\u0107ati kao kod ku\u0107e, dobro se odmoriti te u\u017eivati u me\u0111imurskim mirisima i okusima. Luria Green ure\u0111ena je s puno ljubavi i truda, a vlasnici su prilikom ure\u0111enja pa\u017enju posvetili svakom detalju. Prekrasni starinski i drveni komadi namje\u0161taja u kombinaciji s modernim detaljima stvaraju toplu i ugodnu atmosferu za kojom danas svi \u010deznemo.<\/span><\/p><p><span style=\"font-weight: 400;\">Pro\u010ditajte vi\u0161e na www.luria.hr<\/span><\/p><p><span style=\"font-weight: 400;\">Adresa: <br \/><\/span><span style=\"font-weight: 400;\">Holiday home Luria Green<br \/><\/span><span style=\"font-size: 14px; font-weight: 400; color: var( --e-global-color-text );\">Grabrovnik 50B,<br \/><\/span><span style=\"font-size: 14px; font-weight: 400; color: var( --e-global-color-text );\">\u0160trigova<\/span><\/p><p><span style=\"font-weight: 400;\">Kontakt:\u00a0 099 755 31 22, <\/span><span style=\"font-weight: 400;\">info@luria.hr<\/span><\/p>\t\t\t\t\t\t<\/div>\n\t\t\t\t<\/div>\n\t\t\t\t\t<\/div>\n\t\t<\/div>\n\t\t\t\t<div class=\"elementor-column elementor-col-50 elementor-top-column elementor-element elementor-element-e453b9b\" data-id=\"e453b9b\" data-element_type=\"column\">\n\t\t\t<div class=\"elementor-widget-wrap elementor-element-populated\">\n\t\t\t\t\t\t<div class=\"elementor-element elementor-element-9805bbd elementor-arrows-position-inside elementor-pagination-position-outside elementor-widget elementor-widget-image-carousel\" data-id=\"9805bbd\" data-element_type=\"widget\" data-settings=\"{&quot;slides_to_show&quot;:&quot;1&quot;,&quot;navigation&quot;:&quot;both&quot;,&quot;autoplay&quot;:&quot;yes&quot;,&quot;pause_on_hover&quot;:&quot;yes&quot;,&quot;pause_on_interaction&quot;:&quot;yes&quot;,&quot;autoplay_speed&quot;:5000,&quot;infinite&quot;:&quot;yes&quot;,&quot;effect&quot;:&quot;slide&quot;,&quot;speed&quot;:500}\" data-widget_type=\"image-carousel.default\">\n\t\t\t\t<div class=\"elementor-widget-container\">\n\t\t\t\t\t<div class=\"elementor-image-carousel-wrapper swiper\" dir=\"ltr\">\n\t\t\t<div class=\"elementor-image-carousel swiper-wrapper\" aria-live=\"off\">\n\t\t\t\t\t\t\t\t<div class=\"swiper-slide\" role=\"group\" aria-roledescription=\"slide\" aria-label=\"1 of 8\"><figure class=\"swiper-slide-inner\"><img decoding=\"async\" class=\"swiper-slide-image\" src=\"https:\/\/visitnorthcroatia.com\/wp-content\/uploads\/2022\/03\/2.-768x512.jpg\" alt=\"Vodi\u010d sjevernom Hrvatskom Luria Green\" \/><\/figure><\/div><div class=\"swiper-slide\" role=\"group\" aria-roledescription=\"slide\" aria-label=\"2 of 8\"><figure class=\"swiper-slide-inner\"><img decoding=\"async\" class=\"swiper-slide-image\" src=\"https:\/\/visitnorthcroatia.com\/wp-content\/uploads\/2022\/03\/7.-768x1152.jpg\" alt=\"Visit North Croatia\" \/><\/figure><\/div><div class=\"swiper-slide\" role=\"group\" aria-roledescription=\"slide\" aria-label=\"3 of 8\"><figure class=\"swiper-slide-inner\"><img decoding=\"async\" class=\"swiper-slide-image\" src=\"https:\/\/visitnorthcroatia.com\/wp-content\/uploads\/2022\/03\/ccc246_activity_01-768x489.jpg\" alt=\"Vodi\u010d sjevernom Hrvatskom Luria Green\" \/><\/figure><\/div><div class=\"swiper-slide\" role=\"group\" aria-roledescription=\"slide\" aria-label=\"4 of 8\"><figure class=\"swiper-slide-inner\"><img decoding=\"async\" class=\"swiper-slide-image\" src=\"https:\/\/visitnorthcroatia.com\/wp-content\/uploads\/2022\/03\/DDP05230-1-768x512.jpg\" alt=\"Vodi\u010d sjevernom Hrvatskom Luria Green\" \/><\/figure><\/div><div class=\"swiper-slide\" role=\"group\" aria-roledescription=\"slide\" aria-label=\"5 of 8\"><figure class=\"swiper-slide-inner\"><img decoding=\"async\" class=\"swiper-slide-image\" src=\"https:\/\/visitnorthcroatia.com\/wp-content\/uploads\/2022\/03\/FDW04599-768x512.jpg\" alt=\"Vodi\u010d sjevernom Hrvatskom Luria Green\" \/><\/figure><\/div><div class=\"swiper-slide\" role=\"group\" aria-roledescription=\"slide\" aria-label=\"6 of 8\"><figure class=\"swiper-slide-inner\"><img decoding=\"async\" class=\"swiper-slide-image\" src=\"https:\/\/visitnorthcroatia.com\/wp-content\/uploads\/2022\/03\/FDW04620-768x1152.jpg\" alt=\"Vodi\u010d sjevernom Hrvatskom Luria Green\" \/><\/figure><\/div><div class=\"swiper-slide\" role=\"group\" aria-roledescription=\"slide\" aria-label=\"7 of 8\"><figure class=\"swiper-slide-inner\"><img decoding=\"async\" class=\"swiper-slide-image\" src=\"https:\/\/visitnorthcroatia.com\/wp-content\/uploads\/2022\/03\/FDW04621-768x512.jpg\" alt=\"Vodi\u010d sjevernom Hrvatskom Luria Green\" \/><\/figure><\/div><div class=\"swiper-slide\" role=\"group\" aria-roledescription=\"slide\" aria-label=\"8 of 8\"><figure class=\"swiper-slide-inner\"><img decoding=\"async\" class=\"swiper-slide-image\" src=\"https:\/\/visitnorthcroatia.com\/wp-content\/uploads\/2022\/03\/image_72192707-768x512.jpg\" alt=\"Vodi\u010d sjevernom Hrvatskom Luria Green\" \/><\/figure><\/div>\t\t\t<\/div>\n\t\t\t\t\t\t\t\t\t\t\t\t<div class=\"elementor-swiper-button elementor-swiper-button-prev\" role=\"button\" tabindex=\"0\">\n\t\t\t\t\t\t<i aria-hidden=\"true\" class=\"eicon-chevron-left\"><\/i>\t\t\t\t\t<\/div>\n\t\t\t\t\t<div class=\"elementor-swiper-button elementor-swiper-button-next\" role=\"button\" tabindex=\"0\">\n\t\t\t\t\t\t<i aria-hidden=\"true\" class=\"eicon-chevron-right\"><\/i>\t\t\t\t\t<\/div>\n\t\t\t\t\n\t\t\t\t\t\t\t\t\t<div class=\"swiper-pagination\"><\/div>\n\t\t\t\t\t\t\t\t\t<\/div>\n\t\t\t\t<\/div>\n\t\t\t\t<\/div>\n\t\t\t\t\t<\/div>\n\t\t<\/div>\n\t\t\t\t\t<\/div>\n\t\t<\/section>\n\t\t\t\t<section class=\"elementor-section elementor-top-section elementor-element elementor-element-4ae3061 elementor-section-full_width elementor-section-stretched elementor-section-height-default elementor-section-height-default\" data-id=\"4ae3061\" data-element_type=\"section\" data-settings=\"{&quot;background_background&quot;:&quot;classic&quot;,&quot;stretch_section&quot;:&quot;section-stretched&quot;}\">\n\t\t\t\t\t\t<div class=\"elementor-container elementor-column-gap-default\">\n\t\t\t\t\t<div class=\"elementor-column elementor-col-33 elementor-top-column elementor-element elementor-element-c6821ce\" data-id=\"c6821ce\" data-element_type=\"column\">\n\t\t\t<div class=\"elementor-widget-wrap elementor-element-populated\">\n\t\t\t\t\t\t<div class=\"elementor-element elementor-element-720eb1f elementor-widget elementor-widget-text-editor\" data-id=\"720eb1f\" data-element_type=\"widget\" data-widget_type=\"text-editor.default\">\n\t\t\t\t<div class=\"elementor-widget-container\">\n\t\t\t\t\t\t\t<p>CONTACT<\/p><p>Visit North Croatia <br \/>by LITOPS, vl. Anica \u0160imunec<\/p><p>info@visitnorthcroatia.com<\/p>\t\t\t\t\t\t<\/div>\n\t\t\t\t<\/div>\n\t\t\t\t\t<\/div>\n\t\t<\/div>\n\t\t\t\t<div class=\"elementor-column elementor-col-33 elementor-top-column elementor-element elementor-element-61fe67a\" data-id=\"61fe67a\" data-element_type=\"column\">\n\t\t\t<div class=\"elementor-widget-wrap elementor-element-populated\">\n\t\t\t\t\t\t<div class=\"elementor-element elementor-element-81c0c32 elementor-widget elementor-widget-text-editor\" data-id=\"81c0c32\" data-element_type=\"widget\" data-widget_type=\"text-editor.default\">\n\t\t\t\t<div class=\"elementor-widget-container\">\n\t\t\t\t\t\t\t<p>Copyright \u00a9 2023 Visit North Croatia<\/p>\t\t\t\t\t\t<\/div>\n\t\t\t\t<\/div>\n\t\t\t\t<div class=\"elementor-element elementor-element-86c22cc elementor-widget elementor-widget-text-editor\" data-id=\"86c22cc\" data-element_type=\"widget\" data-widget_type=\"text-editor.default\">\n\t\t\t\t<div class=\"elementor-widget-container\">\n\t\t\t\t\t\t\t<p>By using this website <br \/>you agree to our <a href=\"https:\/\/visitnorthcroatia.com\/en\/cookie-policy\/\"><strong>terms of use and privacy policy<\/strong><\/a>.<\/p>\t\t\t\t\t\t<\/div>\n\t\t\t\t<\/div>\n\t\t\t\t\t<\/div>\n\t\t<\/div>\n\t\t\t\t<div class=\"elementor-column elementor-col-33 elementor-top-column elementor-element elementor-element-b3881f6\" data-id=\"b3881f6\" data-element_type=\"column\">\n\t\t\t<div class=\"elementor-widget-wrap elementor-element-populated\">\n\t\t\t\t\t\t<div class=\"elementor-element elementor-element-5810ead elementor-widget elementor-widget-text-editor\" data-id=\"5810ead\" data-element_type=\"widget\" data-widget_type=\"text-editor.default\">\n\t\t\t\t<div class=\"elementor-widget-container\">\n\t\t\t\t\t\t\t<p><a href=\"https:\/\/www.facebook.com\/visit.north.croatia\" target=\"_blank\" rel=\"noopener\">FACEBOOK<\/a><br \/><a href=\"https:\/\/www.instagram.com\/visit.north.croatia\/\" target=\"_blank\" rel=\"noopener\">INSTAGRAM<\/a><\/p>\t\t\t\t\t\t<\/div>\n\t\t\t\t<\/div>\n\t\t\t\t<div class=\"elementor-element elementor-element-25bef79 elementor-align-center elementor-widget elementor-widget-button\" data-id=\"25bef79\" data-element_type=\"widget\" data-widget_type=\"button.default\">\n\t\t\t\t<div class=\"elementor-widget-container\">\n\t\t\t\t\t\t\t<div class=\"elementor-button-wrapper\">\n\t\t\t\t\t<a class=\"elementor-button elementor-button-link elementor-size-sm\" href=\"http:\/\/eepurl.com\/hdU_4L\" target=\"_blank\">\n\t\t\t\t\t\t<span class=\"elementor-button-content-wrapper\">\n\t\t\t\t\t\t\t\t\t<span class=\"elementor-button-text\">NEWSLETTER<\/span>\n\t\t\t\t\t<\/span>\n\t\t\t\t\t<\/a>\n\t\t\t\t<\/div>\n\t\t\t\t\t\t<\/div>\n\t\t\t\t<\/div>\n\t\t\t\t\t<\/div>\n\t\t<\/div>\n\t\t\t\t\t<\/div>\n\t\t<\/section>\n\t\t\t\t<\/div>","protected":false},"excerpt":{"rendered":"<p>Naslovna Razlozi za put na sjever Blog Blog Kvizovi Informacije O nama Kontakt eBooks X Facebook Instagram Heart Luria Green Tijekom 2023. u ovoj ku\u0107i za odmor ostvarujete popust! Potrebno je prilikom dolaska ponijeti sa sobom vodi\u010d Razlozi za put na sjever. Saznajte vi\u0161e i naru\u010dite vodi\u010d \u0160armantna ku\u0107a za odmor s 4 zvjezdice, Luria [&hellip;]<\/p>","protected":false},"author":1,"featured_media":0,"parent":0,"menu_order":0,"comment_status":"closed","ping_status":"closed","template":"elementor_header_footer","meta":{"_monsterinsights_skip_tracking":false,"_monsterinsights_sitenote_active":false,"_monsterinsights_sitenote_note":"","_monsterinsights_sitenote_category":0,"footnotes":""},"_links":{"self":[{"href":"https:\/\/visitnorthcroatia.com\/en\/wp-json\/wp\/v2\/pages\/4254"}],"collection":[{"href":"https:\/\/visitnorthcroatia.com\/en\/wp-json\/wp\/v2\/pages"}],"about":[{"href":"https:\/\/visitnorthcroatia.com\/en\/wp-json\/wp\/v2\/types\/page"}],"author":[{"embeddable":true,"href":"https:\/\/visitnorthcroatia.com\/en\/wp-json\/wp\/v2\/users\/1"}],"replies":[{"embeddable":true,"href":"https:\/\/visitnorthcroatia.com\/en\/wp-json\/wp\/v2\/comments?post=4254"}],"version-history":[{"count":16,"href":"https:\/\/visitnorthcroatia.com\/en\/wp-json\/wp\/v2\/pages\/4254\/revisions"}],"predecessor-version":[{"id":5055,"href":"https:\/\/visitnorthcroatia.com\/en\/wp-json\/wp\/v2\/pages\/4254\/revisions\/5055"}],"wp:attachment":[{"href":"https:\/\/visitnorthcroatia.com\/en\/wp-json\/wp\/v2\/media?parent=4254"}],"curies":[{"name":"wp","href":"https:\/\/api.w.org\/{rel}","templated":true}]}}