{"id":4388,"date":"2022-09-30T09:41:21","date_gmt":"2022-09-30T09:41:21","guid":{"rendered":"https:\/\/visitnorthcroatia.com\/?page_id=4388"},"modified":"2023-07-24T12:54:38","modified_gmt":"2023-07-24T12:54:38","slug":"dvor-trakoscan","status":"publish","type":"page","link":"https:\/\/visitnorthcroatia.com\/en\/dvor-trakoscan\/","title":{"rendered":"Dvor Trako\u0161\u0107an"},"content":{"rendered":"<div data-elementor-type=\"wp-page\" data-elementor-id=\"4388\" class=\"elementor elementor-4388\">\n\t\t\t\t\t\t<header class=\"elementor-section elementor-top-section elementor-element elementor-element-8d3dcd2 elementor-section-content-middle elementor-section-stretched elementor-section-boxed elementor-section-height-default elementor-section-height-default\" data-id=\"8d3dcd2\" data-element_type=\"section\" data-settings=\"{&quot;background_background&quot;:&quot;classic&quot;,&quot;stretch_section&quot;:&quot;section-stretched&quot;}\">\n\t\t\t\t\t\t<div class=\"elementor-container elementor-column-gap-no\">\n\t\t\t\t\t<div class=\"elementor-column elementor-col-25 elementor-top-column elementor-element elementor-element-4548326\" data-id=\"4548326\" data-element_type=\"column\">\n\t\t\t<div class=\"elementor-widget-wrap elementor-element-populated\">\n\t\t\t\t\t\t<div class=\"elementor-element elementor-element-418c211 elementor-widget elementor-widget-image\" data-id=\"418c211\" data-element_type=\"widget\" data-widget_type=\"image.default\">\n\t\t\t\t<div class=\"elementor-widget-container\">\n\t\t\t\t\t\t\t\t\t\t\t\t\t<img fetchpriority=\"high\" decoding=\"async\" width=\"1024\" height=\"535\" src=\"https:\/\/visitnorthcroatia.com\/wp-content\/uploads\/2020\/12\/VCN-Logo-1-1-1024x535.png\" class=\"attachment-large size-large wp-image-3071\" alt=\"\" srcset=\"https:\/\/visitnorthcroatia.com\/wp-content\/uploads\/2020\/12\/VCN-Logo-1-1-1024x535.png 1024w, https:\/\/visitnorthcroatia.com\/wp-content\/uploads\/2020\/12\/VCN-Logo-1-1-600x314.png 600w, https:\/\/visitnorthcroatia.com\/wp-content\/uploads\/2020\/12\/VCN-Logo-1-1-300x157.png 300w, https:\/\/visitnorthcroatia.com\/wp-content\/uploads\/2020\/12\/VCN-Logo-1-1-768x402.png 768w, https:\/\/visitnorthcroatia.com\/wp-content\/uploads\/2020\/12\/VCN-Logo-1-1.png 1530w\" sizes=\"(max-width: 1024px) 100vw, 1024px\" \/>\t\t\t\t\t\t\t\t\t\t\t\t\t<\/div>\n\t\t\t\t<\/div>\n\t\t\t\t\t<\/div>\n\t\t<\/div>\n\t\t\t\t<div class=\"elementor-column elementor-col-25 elementor-top-column elementor-element elementor-element-0bb0481\" data-id=\"0bb0481\" data-element_type=\"column\">\n\t\t\t<div class=\"elementor-widget-wrap elementor-element-populated\">\n\t\t\t\t\t\t<div class=\"elementor-element elementor-element-49d0e20 elementor-widget elementor-widget-ekit-nav-menu\" data-id=\"49d0e20\" data-element_type=\"widget\" data-widget_type=\"ekit-nav-menu.default\">\n\t\t\t\t<div class=\"elementor-widget-container\">\n\t\t\t\t\t<nav class=\"ekit-wid-con ekit_menu_responsive_tablet\" \n\t\t\tdata-hamburger-icon=\"\" \n\t\t\tdata-hamburger-icon-type=\"icon\" \n\t\t\tdata-responsive-breakpoint=\"1024\">\n\t\t\t            <button class=\"elementskit-menu-hamburger elementskit-menu-toggler\"  type=\"button\" aria-label=\"hamburger-icon\">\n                                    <span class=\"elementskit-menu-hamburger-icon\"><\/span><span class=\"elementskit-menu-hamburger-icon\"><\/span><span class=\"elementskit-menu-hamburger-icon\"><\/span>\n                            <\/button>\n            <div id=\"ekit-megamenu-glavni\" class=\"elementskit-menu-container elementskit-menu-offcanvas-elements elementskit-navbar-nav-default ekit-nav-menu-one-page-no ekit-nav-dropdown-hover\"><ul id=\"menu-glavni\" class=\"elementskit-navbar-nav elementskit-menu-po-center submenu-click-on-icon\"><li id=\"menu-item-1829\" class=\"menu-item menu-item-type-post_type menu-item-object-page menu-item-home menu-item-1829 nav-item elementskit-mobile-builder-content\" data-vertical-menu=\"750px\"><a href=\"https:\/\/visitnorthcroatia.com\/en\/\" class=\"ekit-menu-nav-link\">Home<\/a><\/li>\n<li id=\"menu-item-4091\" class=\"menu-item menu-item-type-post_type menu-item-object-page menu-item-4091 nav-item elementskit-mobile-builder-content\" data-vertical-menu=\"750px\"><a href=\"https:\/\/visitnorthcroatia.com\/en\/razlozi-za-put-na-sjever\/\" class=\"ekit-menu-nav-link\">Reasons to Go North<\/a><\/li>\n<li id=\"menu-item-251\" class=\"menu-item menu-item-type-post_type menu-item-object-page menu-item-has-children menu-item-251 nav-item elementskit-dropdown-has relative_position elementskit-dropdown-menu-default_width elementskit-mobile-builder-content\" data-vertical-menu=\"750px\"><a href=\"https:\/\/visitnorthcroatia.com\/en\/blog\/\" class=\"ekit-menu-nav-link ekit-menu-dropdown-toggle\">Blog<i aria-hidden=\"true\" class=\"icon icon-down-arrow1 elementskit-submenu-indicator\"><\/i><\/a>\n<ul class=\"elementskit-dropdown elementskit-submenu-panel\">\n\t<li id=\"menu-item-4511\" class=\"menu-item menu-item-type-post_type menu-item-object-page menu-item-4511 nav-item elementskit-mobile-builder-content\" data-vertical-menu=\"750px\"><a href=\"https:\/\/visitnorthcroatia.com\/en\/blog\/\" class=\"dropdown-item\">Blog<\/a>\t<li id=\"menu-item-4510\" class=\"menu-item menu-item-type-post_type menu-item-object-page menu-item-4510 nav-item elementskit-mobile-builder-content\" data-vertical-menu=\"750px\"><a href=\"https:\/\/visitnorthcroatia.com\/en\/kvizovi\/\" class=\"dropdown-item\">Puzzle games<\/a><\/ul>\n<\/li>\n<li id=\"menu-item-250\" class=\"menu-item menu-item-type-post_type menu-item-object-page menu-item-has-children menu-item-250 nav-item elementskit-dropdown-has relative_position elementskit-dropdown-menu-default_width elementskit-mobile-builder-content\" data-vertical-menu=\"750px\"><a href=\"https:\/\/visitnorthcroatia.com\/en\/kontakt\/\" class=\"ekit-menu-nav-link ekit-menu-dropdown-toggle\">Info<i aria-hidden=\"true\" class=\"icon icon-down-arrow1 elementskit-submenu-indicator\"><\/i><\/a>\n<ul class=\"elementskit-dropdown elementskit-submenu-panel\">\n\t<li id=\"menu-item-884\" class=\"menu-item menu-item-type-post_type menu-item-object-page menu-item-884 nav-item elementskit-mobile-builder-content\" data-vertical-menu=\"750px\"><a href=\"https:\/\/visitnorthcroatia.com\/en\/o-nama\/\" class=\"dropdown-item\">About us<\/a>\t<li id=\"menu-item-312\" class=\"menu-item menu-item-type-post_type menu-item-object-page menu-item-312 nav-item elementskit-mobile-builder-content\" data-vertical-menu=\"750px\"><a href=\"https:\/\/visitnorthcroatia.com\/en\/ebooks\/\" class=\"dropdown-item\">eBooks<\/a><\/ul>\n<\/li>\n<li id=\"menu-item-314\" class=\"menu-item menu-item-type-post_type menu-item-object-page menu-item-314 nav-item elementskit-mobile-builder-content\" data-vertical-menu=\"750px\"><a href=\"https:\/\/visitnorthcroatia.com\/en\/kontakt1\/\" class=\"ekit-menu-nav-link\">Contact<\/a><\/li>\n<\/ul><div class=\"elementskit-nav-identity-panel\"><button class=\"elementskit-menu-close elementskit-menu-toggler\" type=\"button\">X<\/button><\/div><\/div>\t\t\t\n\t\t\t<div class=\"elementskit-menu-overlay elementskit-menu-offcanvas-elements elementskit-menu-toggler ekit-nav-menu--overlay\"><\/div>        <\/nav>\n\t\t\t\t<\/div>\n\t\t\t\t<\/div>\n\t\t\t\t\t<\/div>\n\t\t<\/div>\n\t\t\t\t<div class=\"elementor-column elementor-col-25 elementor-top-column elementor-element elementor-element-1afbeeb\" data-id=\"1afbeeb\" data-element_type=\"column\">\n\t\t\t<div class=\"elementor-widget-wrap elementor-element-populated\">\n\t\t\t\t\t\t<div class=\"elementor-element elementor-element-5cb95a1 elementor-widget elementor-widget-shortcode\" data-id=\"5cb95a1\" data-element_type=\"widget\" data-widget_type=\"shortcode.default\">\n\t\t\t\t<div class=\"elementor-widget-container\">\n\t\t\t\t\t<div class=\"elementor-shortcode\"><div class=\"trp_language_switcher_shortcode\">\n<div class=\"trp-language-switcher trp-language-switcher-container\" data-no-translation>\n    <div class=\"trp-ls-shortcode-current-language\">\n        <a href=\"#\" class=\"trp-ls-shortcode-disabled-language trp-ls-disabled-language\" title=\"English\" onclick=\"event.preventDefault()\">\n\t\t\t<img decoding=\"async\" class=\"trp-flag-image\" src=\"https:\/\/visitnorthcroatia.com\/wp-content\/plugins\/translatepress-multilingual\/assets\/images\/flags\/en_GB.png\" width=\"18\" height=\"12\" alt=\"en_GB\" title=\"English\"> \t\t<\/a>\n    <\/div>\n    <div class=\"trp-ls-shortcode-language\">\n                <a href=\"#\" class=\"trp-ls-shortcode-disabled-language trp-ls-disabled-language\"  title=\"English\" onclick=\"event.preventDefault()\">\n\t\t\t<img decoding=\"async\" class=\"trp-flag-image\" src=\"https:\/\/visitnorthcroatia.com\/wp-content\/plugins\/translatepress-multilingual\/assets\/images\/flags\/en_GB.png\" width=\"18\" height=\"12\" alt=\"en_GB\" title=\"English\"> \t\t<\/a>\n                    <a href=\"https:\/\/visitnorthcroatia.com\/en\/wp-json\/wp\/v2\/pages\/4388\" title=\"Croatian\">\n            <img decoding=\"async\" class=\"trp-flag-image\" src=\"https:\/\/visitnorthcroatia.com\/wp-content\/plugins\/translatepress-multilingual\/assets\/images\/flags\/hr.png\" width=\"18\" height=\"12\" alt=\"hr\" title=\"Croatian\">         <\/a>\n\n        <\/div>\n    <script type=\"application\/javascript\">\n        \/\/ need to have the same with set from JS on both divs. Otherwise it can push stuff around in HTML\n        var trp_ls_shortcodes = document.querySelectorAll('.trp_language_switcher_shortcode .trp-language-switcher');\n        if ( trp_ls_shortcodes.length > 0) {\n            \/\/ get the last language switcher added\n            var trp_el = trp_ls_shortcodes[trp_ls_shortcodes.length - 1];\n\n            var trp_shortcode_language_item = trp_el.querySelector( '.trp-ls-shortcode-language' )\n            \/\/ set width\n            var trp_ls_shortcode_width                                               = trp_shortcode_language_item.offsetWidth + 16;\n            trp_shortcode_language_item.style.width                                  = trp_ls_shortcode_width + 'px';\n            trp_el.querySelector( '.trp-ls-shortcode-current-language' ).style.width = trp_ls_shortcode_width + 'px';\n\n            \/\/ We're putting this on display: none after we have its width.\n            trp_shortcode_language_item.style.display = 'none';\n        }\n    <\/script>\n<\/div>\n<\/div><\/div>\n\t\t\t\t<\/div>\n\t\t\t\t<\/div>\n\t\t\t\t\t<\/div>\n\t\t<\/div>\n\t\t\t\t<div class=\"elementor-column elementor-col-25 elementor-top-column elementor-element elementor-element-7d16007\" data-id=\"7d16007\" data-element_type=\"column\">\n\t\t\t<div class=\"elementor-widget-wrap elementor-element-populated\">\n\t\t\t\t\t\t<div class=\"elementor-element elementor-element-31cf8a2 elementor-shape-circle e-grid-align-right e-grid-align-tablet-right e-grid-align-mobile-center elementor-hidden-phone elementor-grid-0 elementor-widget elementor-widget-social-icons\" data-id=\"31cf8a2\" data-element_type=\"widget\" data-widget_type=\"social-icons.default\">\n\t\t\t\t<div class=\"elementor-widget-container\">\n\t\t\t\t\t<div class=\"elementor-social-icons-wrapper elementor-grid\">\n\t\t\t\t\t\t\t<span class=\"elementor-grid-item\">\n\t\t\t\t\t<a class=\"elementor-icon elementor-social-icon elementor-social-icon-facebook elementor-repeater-item-33f673a\" href=\"https:\/\/www.facebook.com\/visit.north.croatia\" target=\"_blank\">\n\t\t\t\t\t\t<span class=\"elementor-screen-only\">Facebook<\/span>\n\t\t\t\t\t\t<i class=\"fab fa-facebook\"><\/i>\t\t\t\t\t<\/a>\n\t\t\t\t<\/span>\n\t\t\t\t\t\t\t<span class=\"elementor-grid-item\">\n\t\t\t\t\t<a class=\"elementor-icon elementor-social-icon elementor-social-icon-instagram elementor-repeater-item-c58d333\" href=\"https:\/\/www.instagram.com\/visit.north.croatia\/\" target=\"_blank\">\n\t\t\t\t\t\t<span class=\"elementor-screen-only\">Instagram<\/span>\n\t\t\t\t\t\t<i class=\"fab fa-instagram\"><\/i>\t\t\t\t\t<\/a>\n\t\t\t\t<\/span>\n\t\t\t\t\t\t\t<span class=\"elementor-grid-item\">\n\t\t\t\t\t<a class=\"elementor-icon elementor-social-icon elementor-social-icon-heart elementor-repeater-item-e798b18\" href=\"http:\/\/eepurl.com\/hdU_4L\" target=\"_blank\">\n\t\t\t\t\t\t<span class=\"elementor-screen-only\">Heart<\/span>\n\t\t\t\t\t\t<i class=\"far fa-heart\"><\/i>\t\t\t\t\t<\/a>\n\t\t\t\t<\/span>\n\t\t\t\t\t<\/div>\n\t\t\t\t<\/div>\n\t\t\t\t<\/div>\n\t\t\t\t\t<\/div>\n\t\t<\/div>\n\t\t\t\t\t<\/div>\n\t\t<\/header>\n\t\t\t\t<section class=\"elementor-section elementor-top-section elementor-element elementor-element-bcce457 elementor-section-boxed elementor-section-height-default elementor-section-height-default\" data-id=\"bcce457\" data-element_type=\"section\">\n\t\t\t\t\t\t<div class=\"elementor-container elementor-column-gap-default\">\n\t\t\t\t\t<div class=\"elementor-column elementor-col-100 elementor-top-column elementor-element elementor-element-cec2c31\" data-id=\"cec2c31\" data-element_type=\"column\">\n\t\t\t<div class=\"elementor-widget-wrap elementor-element-populated\">\n\t\t\t\t\t\t<div class=\"elementor-element elementor-element-b36166f elementor-widget elementor-widget-elementskit-heading\" data-id=\"b36166f\" data-element_type=\"widget\" data-widget_type=\"elementskit-heading.default\">\n\t\t\t\t<div class=\"elementor-widget-container\">\n\t\t\t<div class=\"ekit-wid-con\" ><div class=\"ekit-heading elementskit-section-title-wraper text_center   ekit_heading_tablet-   ekit_heading_mobile-\"><h2 class=\"ekit-heading--title elementskit-section-title\">Dvor <span><span>Trako\u0161\u0107an<\/span><\/span><\/h2><\/div><\/div>\t\t<\/div>\n\t\t\t\t<\/div>\n\t\t\t\t\t<\/div>\n\t\t<\/div>\n\t\t\t\t\t<\/div>\n\t\t<\/section>\n\t\t\t\t<section class=\"elementor-section elementor-top-section elementor-element elementor-element-c94e3c9 elementor-section-boxed elementor-section-height-default elementor-section-height-default\" data-id=\"c94e3c9\" data-element_type=\"section\">\n\t\t\t\t\t\t<div class=\"elementor-container elementor-column-gap-default\">\n\t\t\t\t\t<div class=\"elementor-column elementor-col-50 elementor-top-column elementor-element elementor-element-a5d29c2\" data-id=\"a5d29c2\" data-element_type=\"column\">\n\t\t\t<div class=\"elementor-widget-wrap elementor-element-populated\">\n\t\t\t\t\t\t<div class=\"elementor-element elementor-element-ceb1454 elementor-widget elementor-widget-text-editor\" data-id=\"ceb1454\" data-element_type=\"widget\" data-widget_type=\"text-editor.default\">\n\t\t\t\t<div class=\"elementor-widget-container\">\n\t\t\t\t\t\t\t<p>Tijekom 2023. uz vodi\u010d <a href=\"https:\/\/visitnorthcroatia.com\/en\/razlozi-za-put-na-sjever\/\">Reasons to Go North<\/a> u Dvoru Trako\u0161\u0107anu ostvarujete popust od 25% na individualne ulaznice.<\/p>\t\t\t\t\t\t<\/div>\n\t\t\t\t<\/div>\n\t\t\t\t<div class=\"elementor-element elementor-element-048ebcd elementor-align-center elementor-widget elementor-widget-button\" data-id=\"048ebcd\" data-element_type=\"widget\" data-widget_type=\"button.default\">\n\t\t\t\t<div class=\"elementor-widget-container\">\n\t\t\t\t\t\t\t<div class=\"elementor-button-wrapper\">\n\t\t\t\t\t<a class=\"elementor-button elementor-button-link elementor-size-sm\" href=\"https:\/\/visitnorthcroatia.com\/en\/razlozi-za-put-na-sjever\/\">\n\t\t\t\t\t\t<span class=\"elementor-button-content-wrapper\">\n\t\t\t\t\t\t\t\t\t<span class=\"elementor-button-text\">Saznajte vi\u0161e i naru\u010dite vodi\u010d<\/span>\n\t\t\t\t\t<\/span>\n\t\t\t\t\t<\/a>\n\t\t\t\t<\/div>\n\t\t\t\t\t\t<\/div>\n\t\t\t\t<\/div>\n\t\t\t\t<div class=\"elementor-element elementor-element-38faa9e elementor-widget elementor-widget-text-editor\" data-id=\"38faa9e\" data-element_type=\"widget\" data-widget_type=\"text-editor.default\">\n\t\t\t\t<div class=\"elementor-widget-container\">\n\t\t\t\t\t\t\t<p><span style=\"font-weight: 400;\">Mnogima koji posje\u0107uju sjever Hrvatske neizostavna je jedna lokacija \u2013 poznati dvorac Trako\u0161\u0107an, relativno blizu Zagreba, smje\u0161ten na \u010dunjastom bre\u017euljku usred \u0161ume, s pogledom na park, i odrazom u jezeru koji krasi fotografije svih posjetitelja. Interijeri predstavljeni u dvorcu autenti\u010dni su ambijenti druge polovice 19. stolje\u0107a zbog \u010dega je Trako\u0161\u0107an vi\u0161e od svih dvoraca Hrvatskog zagorja sa\u010duvao duh koji istinski predstavlja \u017eivot visokog hrvatskog plemstva tog razdoblja.\u00a0<\/span><\/p><p><span style=\"font-weight: 400;\">No najposje\u0107eniji, najpoznatiji i vjerojatno najistra\u017eeniji dvorac u ovoj regiji nije oduvijek imao takvu reputaciju.\u00a0<\/span><\/p><p><span style=\"font-weight: 400;\">Danas nije u potpunosti razrije\u0161eno tko je izgradio prvu utvrdu iz 13. stolje\u0107a \u2013 onu koja je prethodila sada\u0161njem dvorcu jer Trako\u0161\u0107an je u po\u010detku imao upravo obrambenu ulogu. Dana\u0161nji izgled dvorac dobiva u 19. stolje\u0107u tijekom restauratorskih pothvata najpoznatije trako\u0161\u0107anske obitelji: obitelji Dra\u0161kovi\u0107. Dok je Juraj Dra\u0161kovi\u0107 \u010dekao novce od prodaje drugih imanja i dvoraca kako bi obnovio najdra\u017ei mu Trako\u0161\u0107an, povremeno su ga iz sanjarenja prenuli drhtavi zidovi onda\u0161njeg oronulog dvorca.<\/span><\/p><p><span style=\"font-weight: 400;\">No novac je prikupljen, a osim dvorca ure\u0111en je i vrt \u2013 spiralni prilaz dvorcu izgra\u0111en je prije 150 godina, kao i veliko umjetno jezero koje se puni vodom obli\u017enjih potoka maceljskog gorja. Zahvaljuju\u0107i sretnim okolnostima u novijoj povijesti, briga o Trako\u0161\u0107anu je, za razliku od drugih dvoraca, bila kontinuirana pa ovaj dvorac skupa s perivojem jo\u0161 uvijek ponosno predstavlja ba\u0161tinu Hrvatskog zagorja.<\/span><\/p><p>Posjetite <a href=\"https:\/\/trakoscan.hr\/\" target=\"_blank\" rel=\"noopener\">INTERNETSKU STRANICU<\/a> Dvora Trako\u0161\u0107ana i saznajte najnovije obavijesti o radnom vremenu i ulaznicama.<\/p>\t\t\t\t\t\t<\/div>\n\t\t\t\t<\/div>\n\t\t\t\t\t<\/div>\n\t\t<\/div>\n\t\t\t\t<div class=\"elementor-column elementor-col-50 elementor-top-column elementor-element elementor-element-453738f\" data-id=\"453738f\" data-element_type=\"column\">\n\t\t\t<div class=\"elementor-widget-wrap elementor-element-populated\">\n\t\t\t\t\t\t<div class=\"elementor-element elementor-element-5e6d364 elementor-arrows-position-inside elementor-pagination-position-outside elementor-widget elementor-widget-image-carousel\" data-id=\"5e6d364\" data-element_type=\"widget\" data-settings=\"{&quot;slides_to_show&quot;:&quot;1&quot;,&quot;navigation&quot;:&quot;both&quot;,&quot;autoplay&quot;:&quot;yes&quot;,&quot;pause_on_hover&quot;:&quot;yes&quot;,&quot;pause_on_interaction&quot;:&quot;yes&quot;,&quot;autoplay_speed&quot;:5000,&quot;infinite&quot;:&quot;yes&quot;,&quot;effect&quot;:&quot;slide&quot;,&quot;speed&quot;:500}\" data-widget_type=\"image-carousel.default\">\n\t\t\t\t<div class=\"elementor-widget-container\">\n\t\t\t\t\t<div class=\"elementor-image-carousel-wrapper swiper\" dir=\"ltr\">\n\t\t\t<div class=\"elementor-image-carousel swiper-wrapper\" aria-live=\"off\">\n\t\t\t\t\t\t\t\t<div class=\"swiper-slide\" role=\"group\" aria-roledescription=\"slide\" aria-label=\"1 of 1\"><figure class=\"swiper-slide-inner\"><img decoding=\"async\" class=\"swiper-slide-image\" src=\"https:\/\/visitnorthcroatia.com\/wp-content\/uploads\/2020\/10\/IMG_0594-2-1-768x391.jpg\" alt=\"Dvorac Trako\u0161\u0107an\" \/><\/figure><\/div>\t\t\t<\/div>\n\t\t\t\t\t<\/div>\n\t\t\t\t<\/div>\n\t\t\t\t<\/div>\n\t\t\t\t\t<\/div>\n\t\t<\/div>\n\t\t\t\t\t<\/div>\n\t\t<\/section>\n\t\t\t\t<section class=\"elementor-section elementor-top-section elementor-element elementor-element-8942514 elementor-section-full_width elementor-section-stretched elementor-section-height-default elementor-section-height-default\" data-id=\"8942514\" data-element_type=\"section\" data-settings=\"{&quot;background_background&quot;:&quot;classic&quot;,&quot;stretch_section&quot;:&quot;section-stretched&quot;}\">\n\t\t\t\t\t\t<div class=\"elementor-container elementor-column-gap-default\">\n\t\t\t\t\t<div class=\"elementor-column elementor-col-33 elementor-top-column elementor-element elementor-element-324010b\" data-id=\"324010b\" data-element_type=\"column\">\n\t\t\t<div class=\"elementor-widget-wrap elementor-element-populated\">\n\t\t\t\t\t\t<div class=\"elementor-element elementor-element-c12ff6f elementor-widget elementor-widget-text-editor\" data-id=\"c12ff6f\" data-element_type=\"widget\" data-widget_type=\"text-editor.default\">\n\t\t\t\t<div class=\"elementor-widget-container\">\n\t\t\t\t\t\t\t<p>CONTACT<\/p><p>Visit North Croatia <br \/>by LITOPS, vl. Anica \u0160imunec<\/p><p>info@visitnorthcroatia.com<\/p>\t\t\t\t\t\t<\/div>\n\t\t\t\t<\/div>\n\t\t\t\t\t<\/div>\n\t\t<\/div>\n\t\t\t\t<div class=\"elementor-column elementor-col-33 elementor-top-column elementor-element elementor-element-6586252\" data-id=\"6586252\" data-element_type=\"column\">\n\t\t\t<div class=\"elementor-widget-wrap elementor-element-populated\">\n\t\t\t\t\t\t<div class=\"elementor-element elementor-element-8f2ff05 elementor-widget elementor-widget-text-editor\" data-id=\"8f2ff05\" data-element_type=\"widget\" data-widget_type=\"text-editor.default\">\n\t\t\t\t<div class=\"elementor-widget-container\">\n\t\t\t\t\t\t\t<p>Copyright \u00a9 2023 Visit North Croatia<\/p>\t\t\t\t\t\t<\/div>\n\t\t\t\t<\/div>\n\t\t\t\t<div class=\"elementor-element elementor-element-c2ba565 elementor-widget elementor-widget-text-editor\" data-id=\"c2ba565\" data-element_type=\"widget\" data-widget_type=\"text-editor.default\">\n\t\t\t\t<div class=\"elementor-widget-container\">\n\t\t\t\t\t\t\t<p>By using this website <br \/>you agree to our <a href=\"https:\/\/visitnorthcroatia.com\/en\/cookie-policy\/\"><strong>terms of use and privacy policy<\/strong><\/a>.<\/p>\t\t\t\t\t\t<\/div>\n\t\t\t\t<\/div>\n\t\t\t\t\t<\/div>\n\t\t<\/div>\n\t\t\t\t<div class=\"elementor-column elementor-col-33 elementor-top-column elementor-element elementor-element-31eaf2f\" data-id=\"31eaf2f\" data-element_type=\"column\">\n\t\t\t<div class=\"elementor-widget-wrap elementor-element-populated\">\n\t\t\t\t\t\t<div class=\"elementor-element elementor-element-ef33843 elementor-widget elementor-widget-text-editor\" data-id=\"ef33843\" data-element_type=\"widget\" data-widget_type=\"text-editor.default\">\n\t\t\t\t<div class=\"elementor-widget-container\">\n\t\t\t\t\t\t\t<p><a href=\"https:\/\/www.facebook.com\/visit.north.croatia\" target=\"_blank\" rel=\"noopener\">FACEBOOK<\/a><br \/><a href=\"https:\/\/www.instagram.com\/visit.north.croatia\/\" target=\"_blank\" rel=\"noopener\">INSTAGRAM<\/a><\/p>\t\t\t\t\t\t<\/div>\n\t\t\t\t<\/div>\n\t\t\t\t<div class=\"elementor-element elementor-element-213ea7f elementor-align-center elementor-widget elementor-widget-button\" data-id=\"213ea7f\" data-element_type=\"widget\" data-widget_type=\"button.default\">\n\t\t\t\t<div class=\"elementor-widget-container\">\n\t\t\t\t\t\t\t<div class=\"elementor-button-wrapper\">\n\t\t\t\t\t<a class=\"elementor-button elementor-button-link elementor-size-sm\" href=\"http:\/\/eepurl.com\/hdU_4L\" target=\"_blank\">\n\t\t\t\t\t\t<span class=\"elementor-button-content-wrapper\">\n\t\t\t\t\t\t\t\t\t<span class=\"elementor-button-text\">NEWSLETTER<\/span>\n\t\t\t\t\t<\/span>\n\t\t\t\t\t<\/a>\n\t\t\t\t<\/div>\n\t\t\t\t\t\t<\/div>\n\t\t\t\t<\/div>\n\t\t\t\t\t<\/div>\n\t\t<\/div>\n\t\t\t\t\t<\/div>\n\t\t<\/section>\n\t\t\t\t<\/div>","protected":false},"excerpt":{"rendered":"<p>Naslovna Razlozi za put na sjever Blog Blog Kvizovi Informacije O nama Kontakt eBooks X Facebook Instagram Heart Dvor Trako\u0161\u0107an Tijekom 2023. uz vodi\u010d Razlozi za put na sjever u Dvoru Trako\u0161\u0107anu ostvarujete popust od 25% na individualne ulaznice. Saznajte vi\u0161e i naru\u010dite vodi\u010d Mnogima koji posje\u0107uju sjever Hrvatske neizostavna je jedna lokacija \u2013 poznati [&hellip;]<\/p>","protected":false},"author":1,"featured_media":0,"parent":0,"menu_order":0,"comment_status":"closed","ping_status":"closed","template":"","meta":{"_monsterinsights_skip_tracking":false,"_monsterinsights_sitenote_active":false,"_monsterinsights_sitenote_note":"","_monsterinsights_sitenote_category":0,"footnotes":""},"_links":{"self":[{"href":"https:\/\/visitnorthcroatia.com\/en\/wp-json\/wp\/v2\/pages\/4388"}],"collection":[{"href":"https:\/\/visitnorthcroatia.com\/en\/wp-json\/wp\/v2\/pages"}],"about":[{"href":"https:\/\/visitnorthcroatia.com\/en\/wp-json\/wp\/v2\/types\/page"}],"author":[{"embeddable":true,"href":"https:\/\/visitnorthcroatia.com\/en\/wp-json\/wp\/v2\/users\/1"}],"replies":[{"embeddable":true,"href":"https:\/\/visitnorthcroatia.com\/en\/wp-json\/wp\/v2\/comments?post=4388"}],"version-history":[{"count":34,"href":"https:\/\/visitnorthcroatia.com\/en\/wp-json\/wp\/v2\/pages\/4388\/revisions"}],"predecessor-version":[{"id":5089,"href":"https:\/\/visitnorthcroatia.com\/en\/wp-json\/wp\/v2\/pages\/4388\/revisions\/5089"}],"wp:attachment":[{"href":"https:\/\/visitnorthcroatia.com\/en\/wp-json\/wp\/v2\/media?parent=4388"}],"curies":[{"name":"wp","href":"https:\/\/api.w.org\/{rel}","templated":true}]}}