{"id":4427,"date":"2022-09-30T10:15:28","date_gmt":"2022-09-30T10:15:28","guid":{"rendered":"https:\/\/visitnorthcroatia.com\/?page_id=4427"},"modified":"2022-09-30T10:21:22","modified_gmt":"2022-09-30T10:21:22","slug":"centar-za-posjetitelje-durdevacki-pijesci","status":"publish","type":"page","link":"https:\/\/visitnorthcroatia.com\/en\/centar-za-posjetitelje-durdevacki-pijesci\/","title":{"rendered":"Centar za posjetitelje \u0110ur\u0111eva\u010dki pijesci"},"content":{"rendered":"<div data-elementor-type=\"wp-page\" data-elementor-id=\"4427\" class=\"elementor elementor-4427\">\n\t\t\t\t\t\t<section class=\"elementor-section elementor-top-section elementor-element elementor-element-7ae4779 elementor-section-boxed elementor-section-height-default elementor-section-height-default\" data-id=\"7ae4779\" data-element_type=\"section\">\n\t\t\t\t\t\t<div class=\"elementor-container elementor-column-gap-default\">\n\t\t\t\t\t<div class=\"elementor-column elementor-col-50 elementor-top-column elementor-element elementor-element-a5ee60d\" data-id=\"a5ee60d\" data-element_type=\"column\">\n\t\t\t<div class=\"elementor-widget-wrap elementor-element-populated\">\n\t\t\t\t\t\t<div class=\"elementor-element elementor-element-ccf3c02 elementor-widget elementor-widget-heading\" data-id=\"ccf3c02\" data-element_type=\"widget\" data-widget_type=\"heading.default\">\n\t\t\t\t<div class=\"elementor-widget-container\">\n\t\t\t<h2 class=\"elementor-heading-title elementor-size-default\">Centar za posjetitelje \u0110ur\u0111eva\u010dki pijesci<\/h2>\t\t<\/div>\n\t\t\t\t<\/div>\n\t\t\t\t\t<\/div>\n\t\t<\/div>\n\t\t\t\t<div class=\"elementor-column elementor-col-50 elementor-top-column elementor-element elementor-element-0ae286c elementor-hidden-desktop elementor-hidden-tablet\" data-id=\"0ae286c\" data-element_type=\"column\">\n\t\t\t<div class=\"elementor-widget-wrap elementor-element-populated\">\n\t\t\t\t\t\t<div class=\"elementor-element elementor-element-380365f elementor-arrows-position-inside elementor-pagination-position-outside elementor-widget elementor-widget-image-carousel\" data-id=\"380365f\" data-element_type=\"widget\" data-settings=\"{&quot;slides_to_show&quot;:&quot;1&quot;,&quot;navigation&quot;:&quot;both&quot;,&quot;autoplay&quot;:&quot;yes&quot;,&quot;pause_on_hover&quot;:&quot;yes&quot;,&quot;pause_on_interaction&quot;:&quot;yes&quot;,&quot;autoplay_speed&quot;:5000,&quot;infinite&quot;:&quot;yes&quot;,&quot;effect&quot;:&quot;slide&quot;,&quot;speed&quot;:500}\" data-widget_type=\"image-carousel.default\">\n\t\t\t\t<div class=\"elementor-widget-container\">\n\t\t\t\t\t<div class=\"elementor-image-carousel-wrapper swiper\" dir=\"ltr\">\n\t\t\t<div class=\"elementor-image-carousel swiper-wrapper\" aria-live=\"off\">\n\t\t\t\t\t\t\t\t<div class=\"swiper-slide\" role=\"group\" aria-roledescription=\"slide\" aria-label=\"1 of 1\"><figure class=\"swiper-slide-inner\"><img decoding=\"async\" class=\"swiper-slide-image\" src=\"https:\/\/visitnorthcroatia.com\/wp-content\/uploads\/2020\/10\/NaG-2-768x504.jpg\" alt=\"\u0110ur\u0111evac Koprivni\u010dko kri\u017eeva\u010dka \u017eupanija\" \/><\/figure><\/div>\t\t\t<\/div>\n\t\t\t\t\t<\/div>\n\t\t\t\t<\/div>\n\t\t\t\t<\/div>\n\t\t\t\t\t<\/div>\n\t\t<\/div>\n\t\t\t\t\t<\/div>\n\t\t<\/section>\n\t\t\t\t<section class=\"elementor-section elementor-top-section elementor-element elementor-element-f23cfed elementor-section-boxed elementor-section-height-default elementor-section-height-default\" data-id=\"f23cfed\" data-element_type=\"section\">\n\t\t\t\t\t\t<div class=\"elementor-container elementor-column-gap-default\">\n\t\t\t\t\t<div class=\"elementor-column elementor-col-50 elementor-top-column elementor-element elementor-element-dad49f1\" data-id=\"dad49f1\" data-element_type=\"column\">\n\t\t\t<div class=\"elementor-widget-wrap elementor-element-populated\">\n\t\t\t\t\t\t<div class=\"elementor-element elementor-element-0be0184 elementor-widget elementor-widget-text-editor\" data-id=\"0be0184\" data-element_type=\"widget\" data-widget_type=\"text-editor.default\">\n\t\t\t\t<div class=\"elementor-widget-container\">\n\t\t\t\t\t\t\t<p>Tijekom 2022. uz vodi\u010d <a href=\"https:\/\/visitnorthcroatia.com\/en\/razlozi-za-put-na-sjever\/\">Reasons to Go North<\/a> u Centru za posjetitelje \u0110ur\u0111eva\u010dki pijesci ostvarujete popust od 50% na individualne ulaznice.<\/p>\t\t\t\t\t\t<\/div>\n\t\t\t\t<\/div>\n\t\t\t\t<div class=\"elementor-element elementor-element-5adbaf1 elementor-align-center elementor-widget elementor-widget-button\" data-id=\"5adbaf1\" data-element_type=\"widget\" data-widget_type=\"button.default\">\n\t\t\t\t<div class=\"elementor-widget-container\">\n\t\t\t\t\t\t\t<div class=\"elementor-button-wrapper\">\n\t\t\t\t\t<a class=\"elementor-button elementor-button-link elementor-size-sm\" href=\"https:\/\/visitnorthcroatia.com\/en\/razlozi-za-put-na-sjever\/\">\n\t\t\t\t\t\t<span class=\"elementor-button-content-wrapper\">\n\t\t\t\t\t\t\t\t\t<span class=\"elementor-button-text\">Saznajte vi\u0161e i naru\u010dite vodi\u010d<\/span>\n\t\t\t\t\t<\/span>\n\t\t\t\t\t<\/a>\n\t\t\t\t<\/div>\n\t\t\t\t\t\t<\/div>\n\t\t\t\t<\/div>\n\t\t\t\t<div class=\"elementor-element elementor-element-91fab18 elementor-widget elementor-widget-text-editor\" data-id=\"91fab18\" data-element_type=\"widget\" data-widget_type=\"text-editor.default\">\n\t\t\t\t<div class=\"elementor-widget-container\">\n\t\t\t\t\t\t\t<p><span style=\"font-weight: 400;\">\u0160to god da prvo pomislite kad \u010dujete za sjevernu Hrvatsku, sigurno ne mislite na pustinju. Ali tu ste u krivu, jer jedina hrvatska pustinja nalazi se upravo u sjevernom dijelu zemlje, kod grada \u0110ur\u0111evca. Naziva se \u0110ur\u0111eva\u010dki pijesci (ili lokalno \u2013 peski), a me\u0111u mje\u0161tanima tako\u0111er je poznata kao Krvavi peski ili Hrvatska sahara.\u00a0<\/span><\/p><p><span style=\"font-weight: 400;\">Pri\u010da o pustinji po\u010dinje daleko odavde, u visokim planinama Alpa. Nakon posljednjeg ledenog doba rijeka Drava je nosila velike koli\u010dine prethodno raspadnutih stijena, zarobljenih struganjem ledenjaka, koje su se u ve\u0107im koli\u010dinama natalo\u017eile kod dana\u0161njeg \u0110ur\u0111evca.<\/span><span style=\"font-weight: 400;\"><br \/><\/span><span style=\"font-weight: 400;\">\u0110ur\u0111eva\u010dki pijesci danas su samo obris nekada\u0161njih pje\u0161\u010danih dina. Vjetar je, naime, nosio taj pijesak po ionako slabo plodnim okolnim poljoprivrednim povr\u0161inama pa su mje\u0161tani po\u010deli saditi biljke na <\/span><i><span style=\"font-weight: 400;\">Krvavim peskima <\/span><\/i><span style=\"font-weight: 400;\">prilago\u0111ene ekstremnim uvjetima kako bi za\u0161titili svoje oranice. Ovaj geografsko-botani\u010dki rezervat zbog toga je obrastao vegetacijom pje\u0161\u010denjaka, posebne vrste prilago\u0111ene takvim neobi\u010dnim stani\u0161tima koja se tamo trajno nastanila.<\/span><span style=\"font-weight: 400;\"><br \/><\/span><span style=\"font-weight: 400;\">Osim samog prirodnog fenomena, kojim je \u0161etnja kratka ali isplativa, svoj izlet mo\u017eete obogatiti u nedavno otvorenom posjetiteljskom centru u gradu \u0110ur\u0111evcu. Kroz multimedijske sadr\u017eaje, jednako zanimljive mla\u0111oj i starijoj populaciji, upoznat \u0107ete posebnosti ovog jedinstvenog \u0111ur\u0111eva\u010dkog pustinjskog krajolika.<\/span><\/p><p>Posjetite <a href=\"https:\/\/visitdjurdjevac.hr\/posjetiteljski-centar-durdevacki-pijesci\/\" target=\"_blank\" rel=\"noopener\">INTERNETSKU STRANICU<\/a> Centra za posjetitelje \u0110ur\u0111eva\u010dki pijesci i saznajte najnovije obavijesti o radnom vremenu i ulaznicama.<\/p>\t\t\t\t\t\t<\/div>\n\t\t\t\t<\/div>\n\t\t\t\t\t<\/div>\n\t\t<\/div>\n\t\t\t\t<div class=\"elementor-column elementor-col-50 elementor-top-column elementor-element elementor-element-5684cb3 elementor-hidden-mobile\" data-id=\"5684cb3\" data-element_type=\"column\">\n\t\t\t<div class=\"elementor-widget-wrap elementor-element-populated\">\n\t\t\t\t\t\t<div class=\"elementor-element elementor-element-d118da2 elementor-arrows-position-inside elementor-pagination-position-outside elementor-widget elementor-widget-image-carousel\" data-id=\"d118da2\" data-element_type=\"widget\" data-settings=\"{&quot;slides_to_show&quot;:&quot;1&quot;,&quot;navigation&quot;:&quot;both&quot;,&quot;autoplay&quot;:&quot;yes&quot;,&quot;pause_on_hover&quot;:&quot;yes&quot;,&quot;pause_on_interaction&quot;:&quot;yes&quot;,&quot;autoplay_speed&quot;:5000,&quot;infinite&quot;:&quot;yes&quot;,&quot;effect&quot;:&quot;slide&quot;,&quot;speed&quot;:500}\" data-widget_type=\"image-carousel.default\">\n\t\t\t\t<div class=\"elementor-widget-container\">\n\t\t\t\t\t<div class=\"elementor-image-carousel-wrapper swiper\" dir=\"ltr\">\n\t\t\t<div class=\"elementor-image-carousel swiper-wrapper\" aria-live=\"off\">\n\t\t\t\t\t\t\t\t<div class=\"swiper-slide\" role=\"group\" aria-roledescription=\"slide\" aria-label=\"1 of 1\"><figure class=\"swiper-slide-inner\"><img decoding=\"async\" class=\"swiper-slide-image\" src=\"https:\/\/visitnorthcroatia.com\/wp-content\/uploads\/2020\/10\/NaG-2-768x504.jpg\" alt=\"\u0110ur\u0111evac Koprivni\u010dko kri\u017eeva\u010dka \u017eupanija\" \/><\/figure><\/div>\t\t\t<\/div>\n\t\t\t\t\t<\/div>\n\t\t\t\t<\/div>\n\t\t\t\t<\/div>\n\t\t\t\t\t<\/div>\n\t\t<\/div>\n\t\t\t\t\t<\/div>\n\t\t<\/section>\n\t\t\t\t<\/div>","protected":false},"excerpt":{"rendered":"<p>Centar za posjetitelje \u0110ur\u0111eva\u010dki pijesci Tijekom 2022. uz vodi\u010d Razlozi za put na sjever u Centru za posjetitelje \u0110ur\u0111eva\u010dki pijesci ostvarujete popust od 50% na individualne ulaznice. Saznajte vi\u0161e i naru\u010dite vodi\u010d \u0160to god da prvo pomislite kad \u010dujete za sjevernu Hrvatsku, sigurno ne mislite na pustinju. Ali tu ste u krivu, jer jedina hrvatska [&hellip;]<\/p>","protected":false},"author":1,"featured_media":0,"parent":0,"menu_order":0,"comment_status":"closed","ping_status":"closed","template":"","meta":{"_monsterinsights_skip_tracking":false,"_monsterinsights_sitenote_active":false,"_monsterinsights_sitenote_note":"","_monsterinsights_sitenote_category":0,"footnotes":""},"_links":{"self":[{"href":"https:\/\/visitnorthcroatia.com\/en\/wp-json\/wp\/v2\/pages\/4427"}],"collection":[{"href":"https:\/\/visitnorthcroatia.com\/en\/wp-json\/wp\/v2\/pages"}],"about":[{"href":"https:\/\/visitnorthcroatia.com\/en\/wp-json\/wp\/v2\/types\/page"}],"author":[{"embeddable":true,"href":"https:\/\/visitnorthcroatia.com\/en\/wp-json\/wp\/v2\/users\/1"}],"replies":[{"embeddable":true,"href":"https:\/\/visitnorthcroatia.com\/en\/wp-json\/wp\/v2\/comments?post=4427"}],"version-history":[{"count":7,"href":"https:\/\/visitnorthcroatia.com\/en\/wp-json\/wp\/v2\/pages\/4427\/revisions"}],"predecessor-version":[{"id":4438,"href":"https:\/\/visitnorthcroatia.com\/en\/wp-json\/wp\/v2\/pages\/4427\/revisions\/4438"}],"wp:attachment":[{"href":"https:\/\/visitnorthcroatia.com\/en\/wp-json\/wp\/v2\/media?parent=4427"}],"curies":[{"name":"wp","href":"https:\/\/api.w.org\/{rel}","templated":true}]}}